{"id":5426,"date":"2024-10-02T17:22:59","date_gmt":"2024-10-02T17:22:59","guid":{"rendered":"https:\/\/j-tsoon.ee\/?page_id=5426"},"modified":"2025-07-02T20:49:08","modified_gmt":"2025-07-02T20:49:08","slug":"anti-harassment-policy","status":"publish","type":"page","link":"https:\/\/j-tsoon.ee\/et\/anti-harassment-policy\/","title":{"rendered":"Ahistamisvastane Eeskiri"},"content":{"rendered":"<div data-elementor-type=\"wp-page\" data-elementor-id=\"5426\" class=\"elementor elementor-5426\">\n\t\t\t\t<div class=\"elementor-element elementor-element-1ee2946 e-con-full e-flex e-con e-parent\" data-id=\"1ee2946\" data-element_type=\"container\" data-e-type=\"container\" data-settings=\"{&quot;background_background&quot;:&quot;classic&quot;}\">\n\t\t<div class=\"elementor-element elementor-element-7028600b e-flex e-con-boxed e-con e-child\" data-id=\"7028600b\" data-element_type=\"container\" data-e-type=\"container\">\n\t\t\t\t\t<div class=\"e-con-inner\">\n\t\t\t\t<div class=\"elementor-element elementor-element-4a172f53 elementor-widget elementor-widget-heading\" data-id=\"4a172f53\" data-element_type=\"widget\" data-e-type=\"widget\" data-widget_type=\"heading.default\">\n\t\t\t\t<div class=\"elementor-widget-container\">\n\t\t\t\t\t<h2 class=\"elementor-heading-title elementor-size-default\">Ahistamisvastane eeskiri<\/h2>\t\t\t\t<\/div>\n\t\t\t\t<\/div>\n\t\t\t\t\t<\/div>\n\t\t\t\t<\/div>\n\t\t\t\t<\/div>\n\t\t<div class=\"elementor-element elementor-element-cf983d7 e-flex e-con-boxed e-con e-parent\" data-id=\"cf983d7\" data-element_type=\"container\" data-e-type=\"container\">\n\t\t\t\t\t<div class=\"e-con-inner\">\n\t\t\t\t<div class=\"elementor-element elementor-element-a024dd8 elementor-widget elementor-widget-text-editor\" data-id=\"a024dd8\" data-element_type=\"widget\" data-e-type=\"widget\" data-widget_type=\"text-editor.default\">\n\t\t\t\t<div class=\"elementor-widget-container\">\n\t\t\t\t\t\t\t\t\t<p><span style=\"font-weight: 400;\">Meie tiimi eesm\u00e4rk on luua ohutu ja ahistamise vaba keskkond k\u00f5igile, kes \u00fcritusel osalevad ja k\u00fclastavad. Me ei tolereeri ebasobilikku k\u00e4itumist ja seisame aktiivselt selle vastu! Kui oled midagi sellist kogenud v\u00f5i pealt n\u00e4inud, palun anna meile sellest teada emaili kaudu v\u00f5i v\u00f5ta \u00fchendust korraldustiimi liikmega \u00fcrituse kohapeal.<\/span><\/p>\t\t\t\t\t\t\t\t<\/div>\n\t\t\t\t<\/div>\n\t\t\t\t<div class=\"elementor-element elementor-element-cba747b elementor-widget elementor-widget-heading\" data-id=\"cba747b\" data-element_type=\"widget\" data-e-type=\"widget\" data-widget_type=\"heading.default\">\n\t\t\t\t<div class=\"elementor-widget-container\">\n\t\t\t\t\t<h2 class=\"elementor-heading-title elementor-size-default\"><a href=\"mailto:info@j-tsoon.ee\">V\u00f5ta meiega \u00fchendust - info@j-tsoon.ee<\/a><\/h2>\t\t\t\t<\/div>\n\t\t\t\t<\/div>\n\t\t\t\t<div class=\"elementor-element elementor-element-141c9e5 elementor-widget elementor-widget-heading\" data-id=\"141c9e5\" data-element_type=\"widget\" data-e-type=\"widget\" data-widget_type=\"heading.default\">\n\t\t\t\t<div class=\"elementor-widget-container\">\n\t\t\t\t\t<h3 class=\"elementor-heading-title elementor-size-default\"><a href=\"https:\/\/j-tsoon.ee\/et\/anti-harassment-policy\/#form\">v\u00f5i t\u00e4itke antud vorm<\/a><\/h3>\t\t\t\t<\/div>\n\t\t\t\t<\/div>\n\t\t\t\t<div class=\"elementor-element elementor-element-42082e3 elementor-widget elementor-widget-text-editor\" data-id=\"42082e3\" data-element_type=\"widget\" data-e-type=\"widget\" data-widget_type=\"text-editor.default\">\n\t\t\t\t<div class=\"elementor-widget-container\">\n\t\t\t\t\t\t\t\t\t<p><span style=\"font-weight: 400;\">V\u00f5id meile anda teavet v\u00f5i ekraanipilte, mida sina pead vajalikuks, et t\u00f5endada ebasobivat k\u00e4itumist mida oled pealt n\u00e4inud v\u00f5i isiklikult kogenud.<\/span><\/p><p><span style=\"font-weight: 400;\">See k\u00e4itumisjuhend kehtib k\u00f5igile \u00fcritusel osalejatele ning ka J-TSOONi neti kogukonnale.<\/span><\/p><p><span style=\"font-weight: 400;\">Isikud, kellest teavitatakse v\u00f5i neid n\u00e4hakse ebasobivalt k\u00e4itumas, saavad esialgu hoiatuse, et selline k\u00e4itumine l\u00f5petada. Kuid kui neist teavitatakse uuesti, siis eemaldatakse nad \u00fcrituselt ning see v\u00f5ib ka viia tulevaste \u00fcrituste k\u00fclastamise keeluni. Kui isik eemaldatakse \u00fcrituselt ohtliku\/ebamugava olukorra tekitamise p\u00e4rast, ei saa nad ka raha tagasi.<\/span><span style=\"font-weight: 400;\"><br \/><\/span><\/p><p><span style=\"font-weight: 400;\">Kui oled kohanud m\u00f5nda all loetletud olukorda, \u00e4ra k\u00f5hkle, teavita meid!\u00a0<\/span><\/p><p><b><\/b><b>N\u00e4ited ebasobivast k\u00e4itumisest:<\/b><\/p><ul><li style=\"font-weight: 400;\" aria-level=\"1\"><p><b>Kiusamine<br \/><\/b><span style=\"font-weight: 400; font-size: 16px;\">Kiusamine \u00fcritustel sisaldab ahistamist, suulist v\u00e4\u00e4rkohtlemist, j\u00e4litamist ja v\u00e4ljaarvamist. Netis sisaldab see trollimist, kuulujuttude levitamist, luues vaenuliku keskkonna ja m\u00f5jutades osalejate ohutust ning \u00fcrituse nautimist.<\/span><\/p><\/li><li style=\"font-weight: 400;\" aria-level=\"1\"><p><b>Soovimatud seksuaalsed katsed<br \/><\/b>See sisaldab avalikke seksuaalseid ettepanekuid v\u00f5i katseid kellegi vastu ilma nende n\u00f5usoleku v\u00f5i huvita. N\u00e4iteks kellegi katsumine v\u00f5i \u00fcritused neid suudelda ilma nende n\u00f5usolekuta, korduvalt cosplayeri v\u00f5i kpopi tantsija kontaktandmete k\u00fcsimine peale seda kui nad on v\u00e4ljendanud, et nad ei ole huvitatud, ebasobivad kommentaarid nende kost\u00fc\u00fcmi, karakteri v\u00f5i nende v\u00e4limuse kohta v\u00f5i \u00fcritused algatada f\u00fc\u00fcsilist kontakti, n\u00e4iteks kallistamine v\u00f5i puudutamine ilma nende selge n\u00f5usolekuta.<\/p><\/li><li style=\"font-weight: 400;\" aria-level=\"1\"><p><b>Ebasobilikud seksuaalsed kommentaarid ja soovitused<br \/><\/b>Soovimatute v\u00f5i sobimatute seksuaalsete kommentaaride v\u00f5i ettepanekute tegemine, eriti professionaalses v\u00f5i avalikus keskkonnas. N\u00e4iteks kellgi keha \u00fcle nalja tegemine, seksuaalfantaasiate jagamine v\u00f5i seksuaalkogemuste arutamine viisil, mis tekitab teistes ebamugavust.<\/p><\/li><li style=\"font-weight: 400;\" aria-level=\"1\"><p><b>F\u00fc\u00fcsilise kahju tekitamine<br \/><\/b>K\u00f5ik tegevused, mis meelega p\u00f5hjustavad f\u00fc\u00fcsilist kahju teise inimese vastu. Selle alla kuulub l\u00f6\u00f6mine, l\u00fckkamine v\u00f5i eseme kasutamine, et kedagi vigastada. Isegi v\u00e4ikesed tegevused nagu n\u00e4pistamine v\u00f5i laksu andmine l\u00e4heb f\u00fc\u00fcsilise kahju alla kui eesm\u00e4rgiks on haiget teha.<\/p><\/li><li style=\"font-weight: 400;\" aria-level=\"1\"><p><b>Meelega isiklike asjade kahjustamine sealhulgas osalejate rekvisiidid ja kost\u00fc\u00fcmid<br \/><\/b>Meelega kellegi isiklike asjade kahjustamine, sealhulgas esemed nagu kost\u00fc\u00fcmid, rekvisiidid, elektroonika v\u00f5i muud esemed. N\u00e4iteks kellegi kost\u00fc\u00fcmi katki rebimine v\u00f5i nende prillide l\u00f5hkumine. V\u00f5i \u00fcritusel osalevatele m\u00fc\u00fcjatele kahju tekitamine.<\/p><\/li><li style=\"font-weight: 400;\" aria-level=\"1\"><p><b>Soovimatu f\u00fc\u00fcsiline kontakt<br \/><\/b>Kellegi puutumine ilma nende n\u00f5usolekuta, olgu see siis kallistamine, patsutamine v\u00f5i isegi k\u00e4e surumine kui see inimene on v\u00e4ljendanud ebamugavust.<\/p><\/li><li style=\"font-weight: 400;\" aria-level=\"1\"><p><b>J\u00e4litamine<br \/><\/b>Korduv j\u00e4litamine v\u00f5i j\u00e4lgimine viisil, mis p\u00f5hjustab neile hirmu v\u00f5i muret oma ohutuse p\u00e4rast. J\u00e4litamine sisaldab nii f\u00fc\u00fcsilist j\u00e4lgimist kui ka neti tegevusi nagu n\u00e4iteks, \u00fclem\u00e4\u00e4rane s\u00f5numite saatmine v\u00f5i nende sotsiaalmeedia tegevuse j\u00e4lgimine.<\/p><\/li><li style=\"font-weight: 400;\" aria-level=\"1\"><p><b>Ahistamine fotode v\u00f5i filmimise n\u00e4ol<br \/><\/b>Kellestki fotode v\u00f5i videote tegemine ilma nende n\u00f5usolekuta, eriti privaatselt v\u00f5i olukordades kui v\u00f5ib eeldada privaatsust. Selle hulka kuulub seeliku alla pildistamine, s\u00e4rgist sisse pildistamine v\u00f5i varjatud kaamerate kasutamine ning isikust piltide tegemine pahatahtlike kavatsustega kui nad ei ole sellest teadlikud.<\/p><\/li><li style=\"font-weight: 400;\" aria-level=\"1\"><p><b>Agressiivne v\u00f5i \u00e4hvardav k\u00e4itumine<br \/><\/b>Tegevused v\u00f5i k\u00f5neviis eesm\u00e4rgiga \u00e4hvardada, hirmutada v\u00f5i tekitada teistes hirmu. Kaasa arvatud karjumine, agressiivne s\u00f5navara, \u00e4hvardavad liigutused v\u00f5i vaenuliku keskkonna loomine l\u00e4hi kehakeele v\u00f5i hoiaku.<\/p><\/li><li style=\"font-weight: 400;\" aria-level=\"1\"><p><b>Ebasobilik v\u00f5i soovimatu k\u00e4itumine alaealiste vastu<br \/><\/b>K\u00f5ik tegevused v\u00f5i kommentaarid laste v\u00f5i teismeliste kohta mis on ebasobivad v\u00f5i soovimatud. Kaasa arvatud f\u00fc\u00fcsiline kontakt, n\u00e4iteks puudutamine v\u00f5i kallistamine ilma n\u00f5usolekuta ning s\u00f5nalised tegevused nagu seksuaalsed naljad v\u00f5i kommentaarid nende v\u00e4limuse kohta. Me r\u00f5hutame, et see kaasab ka kommentaarid alaealiste karakterite kohta ning k\u00f5ik mis v\u00f5ib kolmandaid isikuid panna muretsema nende v\u00f5i teiste ohutuse \u00fcle.<\/p><\/li><li style=\"font-weight: 400;\" aria-level=\"1\"><p><b>Soovimatud kommentaarid kellegi soo, v\u00e4limuse v\u00f5i seksuaalsuse kohta<br \/><\/b>Kellegi soo, v\u00e4limuse v\u00f5i seksuaalsuse kohta soovimatute v\u00f5i sobimatute m\u00e4rkuste tegemine. N\u00e4iteks kellegi kehasuuruse kommenteerimine, kellegi soolise identiteedi kahtluse alla seadmine v\u00f5i kellegi seksuaalsuse kohta oletuste tegemine.<\/p><\/li><li style=\"font-weight: 400;\" aria-level=\"1\"><p><b>Solvangud, solvavad nimed, halvustav keelekasutus<br \/><\/b>Keelekasutus, mille eesm\u00e4rk on kedagi solvata v\u00f5i alandada. See h\u00f5lmab solvavaid nimesid, halvustavaid kommentaare nende rassi, soo, seksuaalsuse v\u00f5i muude isiklike omadusete kohta ning solvavate s\u00f5nade kasutamine.<\/p><\/li><\/ul><p><span style=\"font-weight: 400;\">Igal inimesel on oma arusaam sellest, mis nende jaoks on ahistamine nende v\u00f5i teiste vastu ning me peame t\u00e4htsaks seda austada. Kui tunned, et sind ahistatakse, \u00e4ra k\u00f5hkle \u00fcritusel korraldus- v\u00f5i turvameeskonna poole p\u00f6\u00f6rduda v\u00f5i kasuta antud kontaktinfot. <\/span><span style=\"font-weight: 400;\">Isegi kui intsidendiga on seotud meie meeskonnaliige\/vabatahtlik, anname endast parima, et luua ja hoida ohutut keskkonda.\u00a0<\/span><\/p><p><span style=\"font-weight: 400;\">Me palume k\u00f5igil suhtuda teistesse austusega ning luua tervitatav ja m\u00f5istva \u00f5hkkonna.<\/span><\/p><p><span style=\"font-weight: 400;\">Kui n\u00e4ed eelkirjeldatud k\u00e4itumist kellegi teise suunas, palun \u00fctle midagi ja teavita sellest. Tegutsedes, isegi v\u00e4hesel m\u00e4\u00e4ral, saad kaas aidata k\u00f5ikide ohutuse tagamisse. Me ei avalda, kes probleemist teatas, s\u00e4ilitades anon\u00fc\u00fcmsuse, kuna teame, et see v\u00f5ib kompromissis alla seada teavitaja ohutuse. Aga me ei soovi, et inimesed kardaksid neist probleemidest teavitada!\u00a0<\/span><\/p><h4><span style=\"font-weight: 400;\"><br \/><\/span><strong>T\u00f6\u00f6tame koos, et luua J-TSOONist turvaline koht meie ja meie s\u00f5prade jaoks!<\/strong><\/h4>\t\t\t\t\t\t\t\t<\/div>\n\t\t\t\t<\/div>\n\t\t\t\t\t<\/div>\n\t\t\t\t<\/div>\n\t\t<div class=\"elementor-element elementor-element-316ac3a e-flex e-con-boxed e-con e-parent\" data-id=\"316ac3a\" data-element_type=\"container\" data-e-type=\"container\">\n\t\t\t\t\t<div class=\"e-con-inner\">\n\t\t\t\t<div class=\"elementor-element elementor-element-b7b037a elementor-widget elementor-widget-menu-anchor\" data-id=\"b7b037a\" data-element_type=\"widget\" data-e-type=\"widget\" data-widget_type=\"menu-anchor.default\">\n\t\t\t\t<div class=\"elementor-widget-container\">\n\t\t\t\t\t\t\t<div class=\"elementor-menu-anchor\" id=\"form\"><\/div>\n\t\t\t\t\t\t<\/div>\n\t\t\t\t<\/div>\n\t\t\t\t<div class=\"elementor-element elementor-element-c755c58 elementor-widget elementor-widget-heading\" data-id=\"c755c58\" data-element_type=\"widget\" data-e-type=\"widget\" data-widget_type=\"heading.default\">\n\t\t\t\t<div class=\"elementor-widget-container\">\n\t\t\t\t\t<h2 class=\"elementor-heading-title elementor-size-default\">Share your problem with us<\/h2>\t\t\t\t<\/div>\n\t\t\t\t<\/div>\n\t\t\t\t<div class=\"elementor-element elementor-element-aa2aa96 elementor-widget elementor-widget-mgcg7_widget\" data-id=\"aa2aa96\" data-element_type=\"widget\" data-e-type=\"widget\" data-widget_type=\"mgcg7_widget.default\">\n\t\t\t\t<div class=\"elementor-widget-container\">\n\t\t\t\t\t\n<div class=\"wpcf7 no-js\" id=\"wpcf7-f5449-o1\" lang=\"en\" dir=\"ltr\" data-wpcf7-id=\"5449\">\n<div class=\"screen-reader-response\"><p role=\"status\" aria-live=\"polite\" aria-atomic=\"true\"><\/p> <ul><\/ul><\/div>\n<form action=\"\/et\/wp-json\/wp\/v2\/pages\/5426#wpcf7-f5449-o1\" method=\"post\" class=\"wpcf7-form init mg-cf7-form\" aria-label=\"Contact form\" novalidate=\"novalidate\" data-status=\"init\" data-trp-original-action=\"\/et\/wp-json\/wp\/v2\/pages\/5426#wpcf7-f5449-o1\">\n<fieldset class=\"hidden-fields-container\"><input type=\"hidden\" name=\"_wpcf7\" value=\"5449\" \/><input type=\"hidden\" name=\"_wpcf7_version\" value=\"6.1.5\" \/><input type=\"hidden\" name=\"_wpcf7_locale\" value=\"en\" \/><input type=\"hidden\" name=\"_wpcf7_unit_tag\" value=\"wpcf7-f5449-o1\" \/><input type=\"hidden\" name=\"_wpcf7_container_post\" value=\"0\" \/><input type=\"hidden\" name=\"_wpcf7_posted_data_hash\" value=\"\" \/><input type=\"hidden\" name=\"_extcf7_conditional_options\" value=\"{&quot;form_id&quot;:5449,&quot;conditions&quot;:[]}\" \/><input type=\"hidden\" name=\"_extcf7_redirect_options\" value=\"{&quot;form_id&quot;:5449,&quot;redirect_options&quot;:&quot;&quot;}\" \/>\n<\/fieldset>\n<p><label> Your name<br \/>\n<span class=\"wpcf7-form-control-wrap\" data-name=\"your-name\"><input size=\"40\" maxlength=\"400\" class=\"wpcf7-form-control wpcf7-text wpcf7-validates-as-required\" autocomplete=\"name\" aria-required=\"true\" aria-invalid=\"false\" value=\"\" type=\"text\" name=\"your-name\" \/><\/span> <\/label>\n<\/p>\n<p><label> Your email<br \/>\n<span class=\"wpcf7-form-control-wrap\" data-name=\"your-email\"><input size=\"40\" maxlength=\"400\" class=\"wpcf7-form-control wpcf7-email wpcf7-validates-as-required wpcf7-text wpcf7-validates-as-email\" autocomplete=\"email\" aria-required=\"true\" aria-invalid=\"false\" value=\"\" type=\"email\" name=\"your-email\" \/><\/span> <\/label>\n<\/p>\n<p><label> Subject<br \/>\n<span class=\"wpcf7-form-control-wrap\" data-name=\"I\"><input size=\"40\" maxlength=\"400\" class=\"wpcf7-form-control wpcf7-text wpcf7-validates-as-required\" aria-required=\"true\" aria-invalid=\"false\" value=\"\" type=\"text\" name=\"I\" \/><\/span> <\/label>\n<\/p>\n<p><label> Describe your problem<br \/>\n<span class=\"wpcf7-form-control-wrap\" data-name=\"your-message\"><textarea cols=\"40\" rows=\"10\" maxlength=\"2000\" class=\"wpcf7-form-control wpcf7-textarea\" aria-invalid=\"false\" name=\"your-message\"><\/textarea><\/span> <\/label>\n<\/p>\n<p><input class=\"wpcf7-form-control wpcf7-submit has-spinner\" type=\"submit\" value=\"Submit\" \/>\n<\/p><div class=\"wpcf7-response-output\" aria-hidden=\"true\"><\/div>\n<input type=\"hidden\" name=\"trp-form-language\" value=\"et\"\/><\/form>\n<\/div>\n\t\t\t\t<\/div>\n\t\t\t\t<\/div>\n\t\t\t\t\t<\/div>\n\t\t\t\t<\/div>\n\t\t\t\t<\/div>","protected":false},"excerpt":{"rendered":"<p>anti-harassment policy @ J-TSOON Our team is dedicated to providing a safe and harassment-free space for all visitors and participants at the event. We do not condone inappropriate behavior of any kind and are committed to taking action against it. If you have experienced or witnessed such behavior, whether by participants or staff members, please [&hellip;]<\/p>\n","protected":false},"author":1,"featured_media":7853,"parent":0,"menu_order":0,"comment_status":"closed","ping_status":"closed","template":"","meta":{"footnotes":""},"class_list":["post-5426","page","type-page","status-publish","has-post-thumbnail","hentry"],"blocksy_meta":[],"brizy_media":[],"_links":{"self":[{"href":"https:\/\/j-tsoon.ee\/et\/wp-json\/wp\/v2\/pages\/5426","targetHints":{"allow":["GET"]}}],"collection":[{"href":"https:\/\/j-tsoon.ee\/et\/wp-json\/wp\/v2\/pages"}],"about":[{"href":"https:\/\/j-tsoon.ee\/et\/wp-json\/wp\/v2\/types\/page"}],"author":[{"embeddable":true,"href":"https:\/\/j-tsoon.ee\/et\/wp-json\/wp\/v2\/users\/1"}],"replies":[{"embeddable":true,"href":"https:\/\/j-tsoon.ee\/et\/wp-json\/wp\/v2\/comments?post=5426"}],"version-history":[{"count":28,"href":"https:\/\/j-tsoon.ee\/et\/wp-json\/wp\/v2\/pages\/5426\/revisions"}],"predecessor-version":[{"id":7989,"href":"https:\/\/j-tsoon.ee\/et\/wp-json\/wp\/v2\/pages\/5426\/revisions\/7989"}],"wp:featuredmedia":[{"embeddable":true,"href":"https:\/\/j-tsoon.ee\/et\/wp-json\/wp\/v2\/media\/7853"}],"wp:attachment":[{"href":"https:\/\/j-tsoon.ee\/et\/wp-json\/wp\/v2\/media?parent=5426"}],"curies":[{"name":"wp","href":"https:\/\/api.w.org\/{rel}","templated":true}]}}