{"id":5097,"date":"2024-08-27T19:14:11","date_gmt":"2024-08-27T19:14:11","guid":{"rendered":"https:\/\/j-tsoon.ee\/?page_id=5097"},"modified":"2026-01-11T11:45:05","modified_gmt":"2026-01-11T11:45:05","slug":"masquerade","status":"publish","type":"page","link":"https:\/\/j-tsoon.ee\/et\/cosplay\/masquerade\/","title":{"rendered":"Cosplay Maskeraad"},"content":{"rendered":"<div data-elementor-type=\"wp-page\" data-elementor-id=\"5097\" class=\"elementor elementor-5097\">\n\t\t\t\t<div class=\"elementor-element elementor-element-20ea251a e-con-full e-flex e-con e-parent\" data-id=\"20ea251a\" data-element_type=\"container\" data-e-type=\"container\" data-settings=\"{&quot;background_background&quot;:&quot;classic&quot;}\">\n\t\t<div class=\"elementor-element elementor-element-4986e8a5 e-flex e-con-boxed e-con e-child\" data-id=\"4986e8a5\" data-element_type=\"container\" data-e-type=\"container\">\n\t\t\t\t\t<div class=\"e-con-inner\">\n\t\t\t\t<div class=\"elementor-element elementor-element-4fe3e467 elementor-widget elementor-widget-heading\" data-id=\"4fe3e467\" data-element_type=\"widget\" data-e-type=\"widget\" data-widget_type=\"heading.default\">\n\t\t\t\t<div class=\"elementor-widget-container\">\n\t\t\t\t\t<h2 class=\"elementor-heading-title elementor-size-default\">Cosplay Maskeraad<\/h2>\t\t\t\t<\/div>\n\t\t\t\t<\/div>\n\t\t\t\t\t<\/div>\n\t\t\t\t<\/div>\n\t\t\t\t<\/div>\n\t\t<div class=\"elementor-element elementor-element-179a6f1 e-flex e-con-boxed e-con e-parent\" data-id=\"179a6f1\" data-element_type=\"container\" data-e-type=\"container\">\n\t\t\t\t\t<div class=\"e-con-inner\">\n\t\t\t\t<div class=\"elementor-element elementor-element-05ed8ba elementor-widget elementor-widget-text-editor\" data-id=\"05ed8ba\" data-element_type=\"widget\" data-e-type=\"widget\" data-widget_type=\"text-editor.default\">\n\t\t\t\t<div class=\"elementor-widget-container\">\n\t\t\t\t\t\t\t\t\t<p><span style=\"font-weight: 400;\">Kas pikad ettevalmistused pole sinu teema? Ei ole kindel, millist kost\u00fc\u00fcmi festivalil selga panna?<\/span><b> Cosplay Maskeraad on loodud just sinule!<\/b><span style=\"font-weight: 400;\">\u00a0<\/span><\/p><p><span style=\"font-weight: 400;\">Cosplay Maskeraad on algajatele s\u00f5bralik \u00fcritus, kuhu on oodatud k\u00f5ikide tasemete cosplay'i entusiastid, et n\u00e4idata oma loovaid kost\u00fc\u00fcme laval. See on ideaalne v\u00f5imalus neile, kes soovivad kogeda esinemise p\u00f5nevust, kuid ei soovi v\u00f5istelda p\u00f5hiv\u00f5istlusel. Maskaraadil on oma \u017e\u00fcrii, ning kuni 100 osalejat v\u00f5istlevad kolme parima koha nimel. N\u00e4ita oma loomingulisust ja pane \u017e\u00fcrii imetlema, et kindlustada endale koht parimate seas!<\/span><\/p>\t\t\t\t\t\t\t\t<\/div>\n\t\t\t\t<\/div>\n\t\t\t\t<div class=\"elementor-element elementor-element-0148b3a elementor-widget elementor-widget-heading\" data-id=\"0148b3a\" data-element_type=\"widget\" data-e-type=\"widget\" data-widget_type=\"heading.default\">\n\t\t\t\t<div class=\"elementor-widget-container\">\n\t\t\t\t\t<h2 class=\"elementor-heading-title elementor-size-default\">Cosplay Maskeraadi reeglid:\n<\/h2>\t\t\t\t<\/div>\n\t\t\t\t<\/div>\n\t\t\t\t<div class=\"elementor-element elementor-element-7aa8f9d elementor-widget elementor-widget-text-editor\" data-id=\"7aa8f9d\" data-element_type=\"widget\" data-e-type=\"widget\" data-widget_type=\"text-editor.default\">\n\t\t\t\t<div class=\"elementor-widget-container\">\n\t\t\t\t\t\t\t\t\t<ul><li style=\"font-weight: 400;\" aria-level=\"1\"><b>Algajatele sobiv:<\/b><span style=\"font-weight: 400;\"> See v\u00f5istlus on m\u00f5eldud neile, kes ei soovi osaleda p\u00f5hiv\u00f5istlusel, kuid tahavad siiski oma kost\u00fc\u00fcme laval n\u00e4idata.<\/span><\/li><li style=\"font-weight: 400;\" aria-level=\"1\"><b>Osalemine: <\/b><span style=\"font-weight: 400;\">Esinejad v\u00f5ivad astuda lavale kas \u00fcksinda v\u00f5i koos grupiga, mille suurus ei \u00fcleta 8 inimest.<\/span><\/li><li style=\"font-weight: 400;\" aria-level=\"1\"><b>Piirang:<\/b><span style=\"font-weight: 400;\"> P\u00f5hiv\u00f5istlusel osalejad ei tohi osaleda maskeraadiv\u00f5istlusel.<\/span><\/li><li style=\"font-weight: 400;\" aria-level=\"1\"><b>Lavaaeg:<\/b><span style=\"font-weight: 400;\"> Esinejatel on 15 sekundit, et oma kost\u00fc\u00fcmi s\u00e4ravalt ja l\u00fchidalt esitleda.<\/span><\/li><li style=\"font-weight: 400;\" aria-level=\"1\"><b>Registreerimine:<\/b><span style=\"font-weight: 400;\"> Maskeraadile registreerimine on avatud m\u00f5lemal \u00fcrituse p\u00e4eval Cosplay'i infolauas.<\/span><\/li><li style=\"font-weight: 400;\" aria-level=\"1\"><b>Toimumise aeg: <\/b><span style=\"font-weight: 400;\">See \u00fcritus leiab aset ainult \u00fcrituse teisel p\u00e4eval (p\u00fchap\u00e4eval).<\/span><\/li><li style=\"font-weight: 400;\" aria-level=\"1\"><b>Muusika: <\/b>Maskeraadi muusika valitakse s\u00fcndmuse p\u00e4eval korraldajate poolt.<\/li><\/ul>\t\t\t\t\t\t\t\t<\/div>\n\t\t\t\t<\/div>\n\t\t\t\t<div class=\"elementor-element elementor-element-0e075f2 elementor-widget elementor-widget-heading\" data-id=\"0e075f2\" data-element_type=\"widget\" data-e-type=\"widget\" data-widget_type=\"heading.default\">\n\t\t\t\t<div class=\"elementor-widget-container\">\n\t\t\t\t\t<h2 class=\"elementor-heading-title elementor-size-default\">Hindamiskriteeriumid:<\/h2>\t\t\t\t<\/div>\n\t\t\t\t<\/div>\n\t\t\t\t<div class=\"elementor-element elementor-element-d6deb78 elementor-widget elementor-widget-text-editor\" data-id=\"d6deb78\" data-element_type=\"widget\" data-e-type=\"widget\" data-widget_type=\"text-editor.default\">\n\t\t\t\t<div class=\"elementor-widget-container\">\n\t\t\t\t\t\t\t\t\t<p><span style=\"font-weight: 400;\">Osalejaid hinnatakse j\u00e4rgnevate kategooriate alusel:<\/span><\/p><ul><li style=\"font-weight: 400;\" aria-level=\"1\"><b>Karakteri kujutamine:<\/b><span style=\"font-weight: 400;\"> Kui h\u00e4sti suudab osaleja valitud karakterit kehastada ning esindada. See h\u00f5lmab t\u00e4psust, ilmekust ning \u00fcle\u00fcldist esitlust.<\/span><\/li><li style=\"font-weight: 400;\" aria-level=\"1\"><b>Loovus:<\/b><span style=\"font-weight: 400;\"> Originaalsus, ainulaadsus, nii k\u00e4sit\u00f6\u00f6 kui ka ostetud kost\u00fc\u00fcmid on teretulnud. Me otsime \u00fcllatavat p\u00f6\u00f6ret, julget kontseptsiooni v\u00f5i t\u00e4helepanu t\u00f5mbavat lava-olekut - midagi, mis paneb publiku ahhetama!<\/span><\/li><li style=\"font-weight: 400;\" aria-level=\"1\"><b>Laval olek ja esitus:<\/b><span style=\"font-weight: 400;\"> Julgus, energia ja publiku endaga kaasa haaramine. Isegi lihtne laval k\u00f5ndimine v\u00f5ib j\u00e4tta p\u00fcsiva j\u00e4lje!<\/span><\/li><\/ul><p><span style=\"font-weight: 400;\">Kohtunikud hindavad igat osalejat nende kriteeriumite j\u00e4rgi ning top 3 k\u00f5ige silmapaistvamat saavad auhinnad.<\/span><\/p><p><span style=\"font-weight: 400;\">See \u00fcritus on m\u00f5eldud k\u00f5igi cosplayer'ite loomingulisuse ja vaeva v\u00e4\u00e4rtustamiseks, pakkudes samas sooja ja l\u00f5busat atmosf\u00e4\u00e4ri. Kui oled cosplay maailmas algaja v\u00f5i soovid lihtsalt nautida esinemist ilma konkurentsi pingeta, on Cosplay Maskeraad ideaalne v\u00f5imalus s\u00e4rada!<\/span><\/p><p><span style=\"font-weight: 400;\">Prepare your costumes, gather your friends, and get ready to dazzle the audience at the J-TSOON!<\/span><\/p>\t\t\t\t\t\t\t\t<\/div>\n\t\t\t\t<\/div>\n\t\t\t\t\t<\/div>\n\t\t\t\t<\/div>\n\t\t<div class=\"elementor-element elementor-element-ecdac5e e-flex e-con-boxed e-con e-parent\" data-id=\"ecdac5e\" data-element_type=\"container\" data-e-type=\"container\">\n\t\t\t\t\t<div class=\"e-con-inner\">\n\t\t\t\t<div class=\"elementor-element elementor-element-0fbe55f elementor-arrows-position-inside elementor-widget elementor-widget-image-carousel\" data-id=\"0fbe55f\" data-element_type=\"widget\" data-e-type=\"widget\" data-settings=\"{&quot;navigation&quot;:&quot;arrows&quot;,&quot;lazyload&quot;:&quot;yes&quot;,&quot;image_spacing_custom&quot;:{&quot;unit&quot;:&quot;px&quot;,&quot;size&quot;:0,&quot;sizes&quot;:[]},&quot;slides_to_show&quot;:&quot;4&quot;,&quot;autoplay&quot;:&quot;yes&quot;,&quot;pause_on_hover&quot;:&quot;yes&quot;,&quot;pause_on_interaction&quot;:&quot;yes&quot;,&quot;autoplay_speed&quot;:5000,&quot;infinite&quot;:&quot;yes&quot;,&quot;speed&quot;:500,&quot;image_spacing_custom_tablet&quot;:{&quot;unit&quot;:&quot;px&quot;,&quot;size&quot;:&quot;&quot;,&quot;sizes&quot;:[]},&quot;image_spacing_custom_mobile&quot;:{&quot;unit&quot;:&quot;px&quot;,&quot;size&quot;:&quot;&quot;,&quot;sizes&quot;:[]}}\" data-widget_type=\"image-carousel.default\">\n\t\t\t\t<div class=\"elementor-widget-container\">\n\t\t\t\t\t\t\t<div class=\"elementor-image-carousel-wrapper swiper\" role=\"region\" aria-roledescription=\"carousel\" aria-label=\"Image Carousel\" dir=\"ltr\">\n\t\t\t<div class=\"elementor-image-carousel swiper-wrapper\" aria-live=\"off\">\n\t\t\t\t\t\t\t\t<div class=\"swiper-slide\" role=\"group\" aria-roledescription=\"slide\" aria-label=\"1 of 8\"><figure class=\"swiper-slide-inner\"><img class=\"swiper-slide-image swiper-lazy\" data-src=\"https:\/\/j-tsoon.ee\/wp-content\/uploads\/2025\/01\/DSC03925-300x200.jpg\" alt=\"DSC03925\" \/><div class=\"swiper-lazy-preloader\"><\/div><\/figure><\/div><div class=\"swiper-slide\" role=\"group\" aria-roledescription=\"slide\" aria-label=\"2 of 8\"><figure class=\"swiper-slide-inner\"><img class=\"swiper-slide-image swiper-lazy\" data-src=\"https:\/\/j-tsoon.ee\/wp-content\/uploads\/2025\/01\/DSC06828-300x200.jpg\" alt=\"DSC06828\" \/><div class=\"swiper-lazy-preloader\"><\/div><\/figure><\/div><div class=\"swiper-slide\" role=\"group\" aria-roledescription=\"slide\" aria-label=\"3 of 8\"><figure class=\"swiper-slide-inner\"><img class=\"swiper-slide-image swiper-lazy\" data-src=\"https:\/\/j-tsoon.ee\/wp-content\/uploads\/2025\/01\/DSC07371-300x200.jpg\" alt=\"DSC07371\" \/><div class=\"swiper-lazy-preloader\"><\/div><\/figure><\/div><div class=\"swiper-slide\" role=\"group\" aria-roledescription=\"slide\" aria-label=\"4 of 8\"><figure class=\"swiper-slide-inner\"><img class=\"swiper-slide-image swiper-lazy\" data-src=\"https:\/\/j-tsoon.ee\/wp-content\/uploads\/2024\/08\/IMG_1353-300x200.jpg\" alt=\"IMG_1353\" \/><div class=\"swiper-lazy-preloader\"><\/div><\/figure><\/div><div class=\"swiper-slide\" role=\"group\" aria-roledescription=\"slide\" aria-label=\"5 of 8\"><figure class=\"swiper-slide-inner\"><img class=\"swiper-slide-image swiper-lazy\" data-src=\"https:\/\/j-tsoon.ee\/wp-content\/uploads\/2025\/01\/DSC07260-300x200.jpg\" alt=\"DSC07260\" \/><div class=\"swiper-lazy-preloader\"><\/div><\/figure><\/div><div class=\"swiper-slide\" role=\"group\" aria-roledescription=\"slide\" aria-label=\"6 of 8\"><figure class=\"swiper-slide-inner\"><img class=\"swiper-slide-image swiper-lazy\" data-src=\"https:\/\/j-tsoon.ee\/wp-content\/uploads\/2025\/01\/DSC00311-300x200.jpg\" alt=\"DSC00311\" \/><div class=\"swiper-lazy-preloader\"><\/div><\/figure><\/div><div class=\"swiper-slide\" role=\"group\" aria-roledescription=\"slide\" aria-label=\"7 of 8\"><figure class=\"swiper-slide-inner\"><img class=\"swiper-slide-image swiper-lazy\" data-src=\"https:\/\/j-tsoon.ee\/wp-content\/uploads\/2024\/08\/3D1A4125-min-300x200.jpg\" alt=\"3D1A4125-min\" \/><div class=\"swiper-lazy-preloader\"><\/div><\/figure><\/div><div class=\"swiper-slide\" role=\"group\" aria-roledescription=\"slide\" aria-label=\"8 of 8\"><figure class=\"swiper-slide-inner\"><img class=\"swiper-slide-image swiper-lazy\" data-src=\"https:\/\/j-tsoon.ee\/wp-content\/uploads\/2025\/01\/DSC06771-300x200.jpg\" alt=\"DSC06771\" \/><div class=\"swiper-lazy-preloader\"><\/div><\/figure><\/div>\t\t\t<\/div>\n\t\t\t\t\t\t\t\t\t\t\t\t<div class=\"elementor-swiper-button elementor-swiper-button-prev\" role=\"button\" tabindex=\"0\">\n\t\t\t\t\t\t<svg aria-hidden=\"true\" class=\"e-font-icon-svg e-eicon-chevron-left\" viewbox=\"0 0 1000 1000\" xmlns=\"http:\/\/www.w3.org\/2000\/svg\"><path d=\"M646 125C629 125 613 133 604 142L308 442C296 454 292 471 292 487 292 504 296 521 308 533L604 854C617 867 629 875 646 875 663 875 679 871 692 858 704 846 713 829 713 812 713 796 708 779 692 767L438 487 692 225C700 217 708 204 708 187 708 171 704 154 692 142 675 129 663 125 646 125Z\"><\/path><\/svg>\t\t\t\t\t<\/div>\n\t\t\t\t\t<div class=\"elementor-swiper-button elementor-swiper-button-next\" role=\"button\" tabindex=\"0\">\n\t\t\t\t\t\t<svg aria-hidden=\"true\" class=\"e-font-icon-svg e-eicon-chevron-right\" viewbox=\"0 0 1000 1000\" xmlns=\"http:\/\/www.w3.org\/2000\/svg\"><path d=\"M696 533C708 521 713 504 713 487 713 471 708 454 696 446L400 146C388 133 375 125 354 125 338 125 325 129 313 142 300 154 292 171 292 187 292 204 296 221 308 233L563 492 304 771C292 783 288 800 288 817 288 833 296 850 308 863 321 871 338 875 354 875 371 875 388 867 400 854L696 533Z\"><\/path><\/svg>\t\t\t\t\t<\/div>\n\t\t\t\t\n\t\t\t\t\t\t\t\t\t<\/div>\n\t\t\t\t\t\t<\/div>\n\t\t\t\t<\/div>\n\t\t\t\t\t<\/div>\n\t\t\t\t<\/div>\n\t\t\t\t<\/div>","protected":false},"excerpt":{"rendered":"<p>Cosplay Masquerade Long preparations not your thing? Not sure which costume to wear to the festival? Want to test yourself in front of a big audience? The Cosplay Masquerade is designed for you!\u00a0 Cosplay Masquerade at the J-TSOON is a beginner-friendly event that invites cosplayers of all levels to showcase their creative costumes on stage. [&hellip;]<\/p>\n","protected":false},"author":1,"featured_media":0,"parent":2967,"menu_order":0,"comment_status":"closed","ping_status":"closed","template":"","meta":{"footnotes":""},"class_list":["post-5097","page","type-page","status-publish","hentry"],"blocksy_meta":[],"brizy_media":[],"_links":{"self":[{"href":"https:\/\/j-tsoon.ee\/et\/wp-json\/wp\/v2\/pages\/5097","targetHints":{"allow":["GET"]}}],"collection":[{"href":"https:\/\/j-tsoon.ee\/et\/wp-json\/wp\/v2\/pages"}],"about":[{"href":"https:\/\/j-tsoon.ee\/et\/wp-json\/wp\/v2\/types\/page"}],"author":[{"embeddable":true,"href":"https:\/\/j-tsoon.ee\/et\/wp-json\/wp\/v2\/users\/1"}],"replies":[{"embeddable":true,"href":"https:\/\/j-tsoon.ee\/et\/wp-json\/wp\/v2\/comments?post=5097"}],"version-history":[{"count":36,"href":"https:\/\/j-tsoon.ee\/et\/wp-json\/wp\/v2\/pages\/5097\/revisions"}],"predecessor-version":[{"id":7950,"href":"https:\/\/j-tsoon.ee\/et\/wp-json\/wp\/v2\/pages\/5097\/revisions\/7950"}],"up":[{"embeddable":true,"href":"https:\/\/j-tsoon.ee\/et\/wp-json\/wp\/v2\/pages\/2967"}],"wp:attachment":[{"href":"https:\/\/j-tsoon.ee\/et\/wp-json\/wp\/v2\/media?parent=5097"}],"curies":[{"name":"wp","href":"https:\/\/api.w.org\/{rel}","templated":true}]}}