{"id":2491,"date":"2024-03-17T17:44:34","date_gmt":"2024-03-17T17:44:34","guid":{"rendered":"https:\/\/j-tsoon.ee\/?page_id=2491"},"modified":"2025-11-04T09:13:00","modified_gmt":"2025-11-04T09:13:00","slug":"code-of-conduct","status":"publish","type":"page","link":"https:\/\/j-tsoon.ee\/et\/code-of-conduct\/","title":{"rendered":"Code of conduct"},"content":{"rendered":"<div data-elementor-type=\"wp-page\" data-elementor-id=\"2491\" class=\"elementor elementor-2491\">\n\t\t\t\t<div class=\"elementor-element elementor-element-737fac72 e-con-full e-flex e-con e-parent\" data-id=\"737fac72\" data-element_type=\"container\" data-e-type=\"container\" data-settings=\"{&quot;background_background&quot;:&quot;classic&quot;}\">\n\t\t<div class=\"elementor-element elementor-element-708a7870 e-flex e-con-boxed e-con e-child\" data-id=\"708a7870\" data-element_type=\"container\" data-e-type=\"container\">\n\t\t\t\t\t<div class=\"e-con-inner\">\n\t\t\t\t<div class=\"elementor-element elementor-element-7994c43f elementor-widget elementor-widget-heading\" data-id=\"7994c43f\" data-element_type=\"widget\" data-e-type=\"widget\" data-widget_type=\"heading.default\">\n\t\t\t\t<div class=\"elementor-widget-container\">\n\t\t\t\t\t<h2 class=\"elementor-heading-title elementor-size-default\">Kodukord<\/h2>\t\t\t\t<\/div>\n\t\t\t\t<\/div>\n\t\t\t\t\t<\/div>\n\t\t\t\t<\/div>\n\t\t\t\t<\/div>\n\t\t<div class=\"elementor-element elementor-element-c4d8bd4 e-flex e-con-boxed e-con e-parent\" data-id=\"c4d8bd4\" data-element_type=\"container\" data-e-type=\"container\">\n\t\t\t\t\t<div class=\"e-con-inner\">\n\t\t\t\t<div class=\"elementor-element elementor-element-bf272d3 elementor-widget elementor-widget-text-editor\" data-id=\"bf272d3\" data-element_type=\"widget\" data-e-type=\"widget\" data-widget_type=\"text-editor.default\">\n\t\t\t\t<div class=\"elementor-widget-container\">\n\t\t\t\t\t\t\t\t\t<p>\u00dcritus vastab peale Eesti seaduste ka paarile \u00fcldisele k\u00e4itumisreeglile, mille eesm\u00e4rgiks on luua k\u00f5ikidele osapooltele turvaline ja edukas \u00fcritus.<\/p><ol><li><b>Reeglite kinnitamine <\/b><ol><li>K\u00fclastaja on teadlik, et reeglite otsene rikkumine v\u00f5ib kaasa tuua k\u00fclastaja k\u00e4epaela v\u00f5i osalejapassi \u00e4rav\u00f5tmise ning k\u00fclastaja eemaldamise \u00fcrituse territooriumilt.<\/li><li>Kandes k\u00e4epaela v\u00f5i osalejapassi, n\u00f5ustub k\u00fclastaja nende reeglitega.\u00a0<\/li><li>Iga k\u00fclastaja saab spetsiaalse k\u00fclastaja k\u00e4epaela, mis on oluline p\u00e4\u00e4smetunnus ja mida tuleb m\u00f5lema p\u00e4eva jooksul alles hoida. Kui k\u00fclastaja saab k\u00e4epaela \u00fcrituse esimesel p\u00e4eval, kuid ei esita seda \u00fcrituse teisel p\u00e4eval, peab ta ostma uue pileti t\u00e4ishinnaga. S\u00e4ilitage oma k\u00e4epael, et v\u00e4ltida lisakulutusi.<\/li><li>Absence of the bracelet or badge will result in removal from the event.\u00a0Note that the option to report wristband issues is only available during the festival. After the first day of the event, organisers will not accept complaints about lost or damaged wristbands.<\/li><\/ol><\/li><li><b>Isikutuvastus ja k\u00fclastaja vanus <\/b><ol><li>K\u00f5igil k\u00fclastajatel peab olema kaasas fotoga isikut t\u00f5endav dokument (ID-kaart, pass, juhiluba), mida korraldajad v\u00f5ivad k\u00fcsida, pileti kinnitamise v\u00f5i 18+ tsooni lubamise eesm\u00e4rgil. <strong>Korraldajad ei vastuta k\u00fclastajate eest. Korraldajad soovitavad, et alla 18-aastaseid k\u00fclastajaid saadaks lapsevanem v\u00f5i eestkostja.\u00a0<\/strong><\/li><li>Esitades oma andmeid ja\/v\u00f5i ostes pileti \u00fcritusele, kinnitab k\u00fclastaja, et ta on v\u00e4hemalt 18-aastane v\u00f5i tal on lapsevanema v\u00f5i seadusliku eestkostja n\u00f5usolek.<\/li><\/ol><\/li><li><b>K\u00e4itumine<\/b><ol><li>K\u00fclastajad peavad kogu \u00fcrituse v\u00e4ltel k\u00e4ituma vastutustundlikult, arvestama teiste k\u00fclastajatega, hoides \u00fcrituse alal ning selle \u00fcmbruses korda ja rahu.<\/li><li>Sobimatu k\u00e4itumine mistahes kujul on rangelt keelatud.<br \/><strong>K\u00f5ik k\u00fclastajad peavad j\u00e4rgima <a href=\"https:\/\/j-tsoon.ee\/et\/anti-harassment-policy\/\">J-TSOON-i Ahistamisvastast eeskirja<\/a>. Kui kogete ahistamist v\u00f5i m\u00e4rkate \u00fcrituse alal midagi, mida peate ahistamiseks, siis p\u00f6\u00f6rduge \u00fcrituse korraldaja v\u00f5i turvameeskonna poole v\u00f5i v\u00f5tke meiega \u00fchendust aadressil\u00a0 <a href=\"mailto:info@j-tsoon.ee\">info@j-tsoon.ee<\/a><\/strong><\/li><li>K\u00fclastajad peavad austama \u00fcrituse toimumispaika. Keelatud on m\u00f6\u00f6bli, dekoratsioonide, seadmete ja muu vara liigutamine v\u00f5i kahjustamine.<\/li><\/ol><\/li><li><b>Ained <\/b><ol><li>Alkoholi tarbimine on lubatud ainult spetsiaalses 18+ tsoonis.\u00a0<\/li><li>\u00dcrituse toimumispaika sisenemine alkoholi- v\u00f5i narkouimas on rangelt keelatud.<\/li><li>Alkoholi omamine v\u00e4ljaspool m\u00e4\u00e4ratud 18+ tsooni on keelatud.<\/li><li>Teistele k\u00fclastajatele mistahes ebamugavuse tekitamine alkoholi m\u00f5ju all viib \u00fcrituse territooriumilt eemaldamiseni.<\/li><li>Suitsetamine, sealhulgas e-sigarettide kasutamine, on lubatud ainult selleks m\u00e4\u00e4ratud aladel v\u00e4ljaspool hoonet.\u00a0<\/li><\/ol><\/li><li><b>Toimumispaik <\/b><ol><li>J-TSOON toimumispaika ei ole lemmikloomad, peale juhtkoerte ja teenistusloomade, lubatud.<i>,<\/i>\u00a0with the exception of guide dogs or other service animals.<\/li><li>Kaotatud ja leitud esemeid hoitakse Infopunktis, kuhu saab leitud esemeid tuua ning kaotatud esemed, omandi\u00f5igust t\u00f5estades, tagasi saada.<\/li><li>K\u00f5ik k\u00fclastajad peavad pr\u00fcgi n\u00f5uetekohaselt \u00e4ra viskama, et hoida \u00fcrituse toimumispaik puhtana, ning viima oma pr\u00fcgi pr\u00fcgikastidesse.<\/li><li>Pandipakendid tuleb eraldada muust pr\u00fcgist ja panna spetsiaalselt m\u00e4rgistatud konteineritesse.<\/li><\/ol><\/li><li><b>Offensive apparel and weapons <\/b><ol><li>Relvad on toimumispaigas keelatud.<\/li><li>Mistahes esemete toomine \u00fcritusele, mida v\u00f5ib kasutada teisele inimesele kahju tekitamiseks, on keelatud, isegi kui need on osa kost\u00fc\u00fcmist.\u00a0<\/li><li>Cosplay eesm\u00e4rgil v\u00f5ib \u00fcritusele tuua relvamakette. Realistlikult n\u00e4ivad relvad (metallist m\u00f5\u00f5gad ja noad, t\u00e4nap\u00e4evaste relvade koopiad jne) v\u00f5ivad l\u00e4bida lisaks turvakontrolli.<\/li><li>Realistliku v\u00e4limusega rekvisiidid ja maketid tuleb avalikes kohtades varjata (soovitame k\u00f5iki relvarekvisiite v\u00e4ljaspool \u00fcritusala kotis transportida).<\/li><li>Soovitame tungivalt s\u00f5jav\u00e4evormi j\u00e4ljendavad kost\u00fc\u00fcmid selga panna alles \u00fcrituse toimumispaiga sees.<\/li><li>\u00c4hvardavaid, solvavaid, vulgaarseid kirju v\u00f5i <a href=\"https:\/\/www.siseministeerium.ee\/en\/activities\/guaranteed-internal-security\/controversial-symbols\" target=\"_blank\" rel=\"noopener\">vastuolulisi s\u00fcmboleid<\/a>\u00a0kasutav riietus v\u00f5i aksessuaarid on rangelt keelatud.\u00a0<\/li><\/ol><\/li><li><b>Kaubanduslik tegevus <\/b><ol><li>Kaubanduslik tegevus peab olema korraldajatega eelnevalt kokku lepitud ning toimuma ainult selleks m\u00e4\u00e4ratud aladel. Tutvuge meie\u00a0<a href=\"https:\/\/j-tsoon.ee\/et\/partners\/\">veebilehega<\/a>\u00a0v\u00f5i kirjutage\u00a0<a href=\"mailto:partners@j-tsoon.ee\">partners@j-tsoon.ee<\/a> kui soovite oma ettev\u00f5tet J-TSOON-il esitleda.<\/li><li>Kaubandusliku tegevuse l\u00e4biviimine ilma korraldajate loata v\u00f5ib kaasa tuua \u00fcrituselt eemaldamise ja keelu tulevastele J-TSOON-i \u00fcritustele.<\/li><\/ol><\/li><li><b>Audiovisuaalsed materjalid <\/b><ol><li>Korraldajatel ja nende poolt heaks kiidetud meedial on \u00f5igus teha audiovisuaalseid salvestusi s\u00fcndmuse kajastamise ja reklaami eesm\u00e4rgil. Meediakontakt:\u00a0<a href=\"mailto:partners@j-tsoon.ee\">partners@j-tsoon.ee<\/a><\/li><li>\u00dcrituse reklaammaterjalide kopeerimine \u00e4rilistel ja turunduslikel eesm\u00e4rkidel on ilma korraldajate loata keelatud.<\/li><li>K\u00fclastajatel on lubatud \u00dcritusel teha fotosid ja videosalvestusi teistest isikutest ainult nende loal (alla 13-aastase k\u00fclastaja puhul peab loa andma lapsevanem v\u00f5i eestkostja).<\/li><li>K\u00fclastajatel on \u00f5igus keelduda, kui teised k\u00fclastajad soovivad neid pildistada v\u00f5i filmida.<\/li><li>\u00dcritusel kehtivad ja rakendatakse Euroopa Liidu isikuandmete kaitse \u00fcldm\u00e4\u00e4rust (GDPR).<\/li><\/ol><\/li><\/ol><p>Reeglid kehtivad alates Oktoorbist 2024. Korraldajatel on \u00f5igus neid muuta ja ajakohastada.<\/p>\t\t\t\t\t\t\t\t<\/div>\n\t\t\t\t<\/div>\n\t\t\t\t\t<\/div>\n\t\t\t\t<\/div>\n\t\t\t\t<\/div>","protected":false},"excerpt":{"rendered":"<p>CODE OF CONDUCT @ J-TSOON The event complies with Estonian law and, in addition, a few general rules of conduct, the purpose of which is to create a safe and successful event for all participants. Rules Acknowledgement The Attendee is aware that by directly violating these rules their visitor\u2018s bracelet or participant\u2019s badge can be [&hellip;]<\/p>\n","protected":false},"author":1,"featured_media":7853,"parent":0,"menu_order":0,"comment_status":"closed","ping_status":"closed","template":"","meta":{"footnotes":""},"class_list":["post-2491","page","type-page","status-publish","has-post-thumbnail","hentry"],"blocksy_meta":{"page_title_panel":"","has_hero_section":"disabled","8359239f778bbe3bed91b84f8a98834d":"","hero_section":"type-1","hero_elements":[{"id":"custom_title","enabled":true,"heading_tag":"h1","title":"Avaleht"},{"id":"custom_description","enabled":true,"description_visibility":{"desktop":true,"tablet":true,"mobile":false}},{"id":"custom_meta","enabled":false,"meta_elements":[{"id":"author","enabled":true,"label":"By","has_author_avatar":"yes","avatar_size":25},{"id":"post_date","enabled":true,"label":"On","date_format_source":"default","date_format":"M j, Y"},{"id":"updated_date","enabled":false,"label":"On","date_format_source":"default","date_format":"M j, Y"},{"id":"categories","enabled":false,"label":"In","style":"simple"},{"id":"comments","enabled":true}],"page_meta_elements":{"joined":true,"articles_count":true,"comments":true}},{"id":"breadcrumbs","enabled":false}],"621fe1f720f11312a84fdfcd7da30690":"","hero_alignment1":"CT_CSS_SKIP_RULE","hero_margin":40,"hero_alignment2":"center","hero_vertical_alignment":"center","d3c34b06105b21298f295a81324d50aa":"","hero_structure":"narrow","1ef2fbf48ad24a43b9dcd4769ba797b5":"","page_title_bg_type":"featured_image","custom_hero_background":{"attachment_id":null},"page_title_image_size":"full","parallax":{"desktop":false,"tablet":false,"mobile":false},"d2eeb83f4a3a9c7437eb3779e9a1781f":"","hero_height":"250px","pageTitleFont":{"family":"Default","variation":"Default","size":"30px","line-height":"CT_CSS_SKIP_RULE","letter-spacing":"CT_CSS_SKIP_RULE","text-transform":"CT_CSS_SKIP_RULE","text-decoration":"CT_CSS_SKIP_RULE"},"pageTitleFontColor":{"default":{"color":"CT_CSS_SKIP_RULEDEFAULT"}},"pageMetaFont":{"family":"Default","variation":"n6","size":"12px","line-height":"1.3","letter-spacing":"CT_CSS_SKIP_RULE","text-transform":"uppercase","text-decoration":"CT_CSS_SKIP_RULE"},"pageMetaFontColor":{"default":{"color":"CT_CSS_SKIP_RULEDEFAULT"},"hover":{"color":"CT_CSS_SKIP_RULEDEFAULT"}},"page_meta_button_type_font_colors":{"default":{"color":"CT_CSS_SKIP_RULEDEFAULT"},"hover":{"color":"CT_CSS_SKIP_RULEDEFAULT"}},"page_meta_button_type_background_colors":{"default":{"color":"CT_CSS_SKIP_RULEDEFAULT"},"hover":{"color":"CT_CSS_SKIP_RULEDEFAULT"}},"pageExcerptFont":{"family":"Default","variation":"Default","size":"CT_CSS_SKIP_RULE","line-height":"CT_CSS_SKIP_RULE","letter-spacing":"CT_CSS_SKIP_RULE","text-transform":"CT_CSS_SKIP_RULE","text-decoration":"CT_CSS_SKIP_RULE"},"pageExcerptColor":{"default":{"color":"CT_CSS_SKIP_RULEDEFAULT"}},"breadcrumbsFont":{"family":"Default","variation":"Default","size":"CT_CSS_SKIP_RULE","line-height":"CT_CSS_SKIP_RULE","letter-spacing":"CT_CSS_SKIP_RULE","text-transform":"CT_CSS_SKIP_RULE","text-decoration":"CT_CSS_SKIP_RULE"},"breadcrumbsFontColor":{"default":{"color":"CT_CSS_SKIP_RULEDEFAULT"},"initial":{"color":"CT_CSS_SKIP_RULEDEFAULT"},"hover":{"color":"CT_CSS_SKIP_RULEDEFAULT"}},"pageTitleOverlay":{"background_type":"color","background_pattern":"type-1","background_image":{"attachment_id":null,"x":0,"y":0},"gradient":"linear-gradient(135deg,rgba(6,147,227,1) 0%,rgb(155,81,224) 100%)","background_repeat":"repeat","background_size":"auto","background_attachment":"scroll","patternColor":{"default":{"color":"#e5e7ea"}},"overlayColor":{"default":{"color":"CT_CSS_SKIP_RULE"}},"backgroundColor":{"default":{"color":"CT_CSS_SKIP_RULE"}}},"pageTitleBackground":{"background_type":"color","background_pattern":"type-1","background_image":{"attachment_id":null,"x":0,"y":0},"gradient":"linear-gradient(135deg,rgba(6,147,227,1) 0%,rgb(155,81,224) 100%)","background_repeat":"repeat","background_size":"auto","background_attachment":"scroll","patternColor":{"default":{"color":"#e5e7ea"}},"overlayColor":{"default":{"color":"CT_CSS_SKIP_RULE"}},"backgroundColor":{"default":{"color":"var(--theme-palette-color-6)"}}},"pageTitlePadding":{"top":"50px","bottom":"50px","left":"auto","right":"auto","linked":true},"b17a54b1f0e48f2fda831a59b5503107":"","page_structure_type":"default","daa56381fbfcefb461122e3544ad4598":"","content_style_source":"inherit","content_style":"wide","vertical_spacing_source":"custom","content_area_spacing":"none","background":{"background_type":"color","background_pattern":"type-1","background_image":{"attachment_id":null,"x":0,"y":0},"gradient":"linear-gradient(135deg,rgba(6,147,227,1) 0%,rgb(155,81,224) 100%)","background_repeat":"repeat","background_size":"auto","background_attachment":"scroll","patternColor":{"default":{"color":"#e5e7ea"}},"overlayColor":{"default":{"color":"CT_CSS_SKIP_RULE"}},"backgroundColor":{"default":{"color":"CT_CSS_SKIP_RULE"}}},"content_background":{"background_type":"color","background_pattern":"type-1","background_image":{"attachment_id":null,"x":0,"y":0},"gradient":"linear-gradient(135deg,rgba(6,147,227,1) 0%,rgb(155,81,224) 100%)","background_repeat":"repeat","background_size":"auto","background_attachment":"scroll","patternColor":{"default":{"color":"#e5e7ea"}},"overlayColor":{"default":{"color":"CT_CSS_SKIP_RULE"}},"backgroundColor":{"default":{"color":"var(--theme-palette-color-8)"}}},"content_boxed_shadow":{"inherit":false,"blur":18,"spread":-6,"v_offset":12,"h_offset":0,"inset":false,"enable":true,"color":{"color":"rgba(34, 56, 101, 0.04)"}},"content_boxed_border":{"width":1,"style":"none","color":{"color":"rgba(44,62,80,0.2)"}},"content_boxed_radius":{"top":"3px","bottom":"3px","left":"3px","right":"3px","linked":true},"boxed_content_spacing":{"desktop":{"top":"40px","bottom":"40px","left":"40px","right":"40px","linked":true},"tablet":{"top":"35px","bottom":"35px","left":"35px","right":"35px","linked":true},"mobile":{"top":"20px","bottom":"20px","left":"20px","right":"20px","linked":true}},"7714e4d58d5e4d0afb386fd4a595e84d":"","disable_featured_image":"no","disable_share_box":"no","disable_header":"no","disable_footer":"no","styles_descriptor":{"styles":{"desktop":"","tablet":"","mobile":""},"google_fonts":[],"version":6}},"brizy_media":[],"_links":{"self":[{"href":"https:\/\/j-tsoon.ee\/et\/wp-json\/wp\/v2\/pages\/2491","targetHints":{"allow":["GET"]}}],"collection":[{"href":"https:\/\/j-tsoon.ee\/et\/wp-json\/wp\/v2\/pages"}],"about":[{"href":"https:\/\/j-tsoon.ee\/et\/wp-json\/wp\/v2\/types\/page"}],"author":[{"embeddable":true,"href":"https:\/\/j-tsoon.ee\/et\/wp-json\/wp\/v2\/users\/1"}],"replies":[{"embeddable":true,"href":"https:\/\/j-tsoon.ee\/et\/wp-json\/wp\/v2\/comments?post=2491"}],"version-history":[{"count":31,"href":"https:\/\/j-tsoon.ee\/et\/wp-json\/wp\/v2\/pages\/2491\/revisions"}],"predecessor-version":[{"id":8531,"href":"https:\/\/j-tsoon.ee\/et\/wp-json\/wp\/v2\/pages\/2491\/revisions\/8531"}],"wp:featuredmedia":[{"embeddable":true,"href":"https:\/\/j-tsoon.ee\/et\/wp-json\/wp\/v2\/media\/7853"}],"wp:attachment":[{"href":"https:\/\/j-tsoon.ee\/et\/wp-json\/wp\/v2\/media?parent=2491"}],"curies":[{"name":"wp","href":"https:\/\/api.w.org\/{rel}","templated":true}]}}