{"id":2235,"date":"2024-02-14T08:22:54","date_gmt":"2024-02-14T08:22:54","guid":{"rendered":"https:\/\/j-tsoon.ee\/?page_id=2235"},"modified":"2026-03-20T14:47:47","modified_gmt":"2026-03-20T14:47:47","slug":"minipainting","status":"publish","type":"page","link":"https:\/\/j-tsoon.ee\/et\/gaming\/minipainting\/","title":{"rendered":"Miniatuuride V\u00e4rvimisv\u00f5istlus"},"content":{"rendered":"<div data-elementor-type=\"wp-page\" data-elementor-id=\"2235\" class=\"elementor elementor-2235\">\n\t\t\t\t<div class=\"elementor-element elementor-element-3d9d63f8 e-con-full e-flex e-con e-parent\" data-id=\"3d9d63f8\" data-element_type=\"container\" data-e-type=\"container\" data-settings=\"{&quot;background_background&quot;:&quot;classic&quot;}\">\n\t\t<div class=\"elementor-element elementor-element-689d74b1 e-flex e-con-boxed e-con e-child\" data-id=\"689d74b1\" data-element_type=\"container\" data-e-type=\"container\">\n\t\t\t\t\t<div class=\"e-con-inner\">\n\t\t\t\t<div class=\"elementor-element elementor-element-4d4bbd7a elementor-widget elementor-widget-heading\" data-id=\"4d4bbd7a\" data-element_type=\"widget\" data-e-type=\"widget\" data-widget_type=\"heading.default\">\n\t\t\t\t<div class=\"elementor-widget-container\">\n\t\t\t\t\t<h2 class=\"elementor-heading-title elementor-size-default\">GAMING @ J-TSOON<\/h2>\t\t\t\t<\/div>\n\t\t\t\t<\/div>\n\t\t\t\t\t<\/div>\n\t\t\t\t<\/div>\n\t\t\t\t<\/div>\n\t\t<div class=\"elementor-element elementor-element-92c59b7 e-flex e-con-boxed e-con e-parent\" data-id=\"92c59b7\" data-element_type=\"container\" data-e-type=\"container\">\n\t\t\t\t\t<div class=\"e-con-inner\">\n\t\t\t\t<div class=\"elementor-element elementor-element-ff50ea3 elementor-widget elementor-widget-heading\" data-id=\"ff50ea3\" data-element_type=\"widget\" data-e-type=\"widget\" id=\"art\" data-widget_type=\"heading.default\">\n\t\t\t\t<div class=\"elementor-widget-container\">\n\t\t\t\t\t<h1 class=\"elementor-heading-title elementor-size-default\">J-TSOON:BPF 2025 MINIATURE PAINTING COMPETITION RULES<\/h1>\t\t\t\t<\/div>\n\t\t\t\t<\/div>\n\t\t\t\t<div class=\"elementor-element elementor-element-95f7ff9 elementor-widget elementor-widget-text-editor\" data-id=\"95f7ff9\" data-element_type=\"widget\" data-e-type=\"widget\" data-widget_type=\"text-editor.default\">\n\t\t\t\t<div class=\"elementor-widget-container\">\n\t\t\t\t\t\t\t\t\t<p><b>The J-TSOON:BPF Miniature Painting Competition will be held on 8th and 9th of November at Kultuurikatel \/ Energia Avastuskeskus, Tallinn, Estonia. Participants in this competition will have the opportunity to display their selected entries, and we&#8217;ll be awarding prizes to the most outstanding works.\u00a0<\/b><\/p><p><b>We look forward to seeing the incredible artistry that the Miniature Painting Competition will bring to J-TSOON:BPF 2025!<\/b><\/p><h3><b>1. Miniature painting rules:<\/b><\/h3><ul><li style=\"font-weight: 400;\" aria-level=\"1\"><span style=\"font-weight: 400;\">Miniatuur v\u00f5ib olla \u00fcksk\u00f5ik mis, seni kuni see kvalifitseerub miniatuuriks. Inimene, loom, tank v\u00f5i fantastiline olend - k\u00f5ik sobib.\u00a0<\/span><\/li><li aria-level=\"1\"><span style=\"font-weight: 400;\">Me aktsepteerime ainult originaalt\u00f6id. See t\u00e4hendab, et kuigi v\u00f5ite saada inspiratsiooni teistelt, peaks l\u00f5pptulemus kajastama teie enda loovust ja ainulaadset l\u00e4henemist. Teie miniatuur ei tohiks olla otsene koopia \u00fchestki olemasolevast juhendist. <\/span><\/li><li style=\"font-weight: 400;\" aria-level=\"1\"><span style=\"font-weight: 400;\"><strong>We accept entries in the 28\u201372 mm scale.<\/strong> Miniatuurid peaksid vastama m\u00f5istlikule suurusele ja m\u00f5\u00f5tkavale, mis sobib v\u00e4ljapanekuks. \u00c4\u00e4rmuslikud suurused, mis v\u00f5ivad h\u00e4irida \u00fcldist esitlust, ei ole lubatud.\nMiniatuurid peaksid olema paigaldatud alusele.<\/span><\/li><li style=\"font-weight: 400;\" aria-level=\"1\"><span style=\"font-weight: 400;\">Miniatuurid peaksid olema paigaldatud alusele, et lihtsustada nende ohutut transportimist \u00fcrituse ajal festivali meeskonna ja \u017e\u00fcrii poolt.<\/span><\/li><li style=\"font-weight: 400;\" aria-level=\"1\"><span style=\"font-weight: 400;\">V\u00f5istlejad peavad kasutama oma t\u00f6\u00f6des v\u00e4rvimata miniatuurmudeleid.\u00a0<\/span><\/li><li style=\"font-weight: 400;\" aria-level=\"1\"><span style=\"font-weight: 400;\">Esitatud t\u00f6\u00f6d peavad vastama lugupidamise ja korralikkuse tavadele. R\u00f5veduste, v\u00e4givalda propageerivate tegude ja pornograafia kasutamine on rangelt keelatud. Kultuuriliste ja\/v\u00f5i sotsiaalsete normidega vastuolus olevaid v\u00f5istlust\u00f6id ei lubata. Palun j\u00e4lgige, et teie t\u00f6\u00f6d oleksid eetilised ning s\u00e4ilitaksid esteetilise ja lugupidava meeleolu.<\/span><\/li><\/ul><h3><b>2. Registration:<\/b><\/h3><ul><li style=\"font-weight: 400;\" aria-level=\"1\"><b>V\u00f5istlusel osalemiseks on vaja osaleda \u00fcritusel, et saada auhindu.<\/b><\/li><li style=\"font-weight: 400;\" aria-level=\"1\"><span style=\"font-weight: 400;\">Osalejad peavad t\u00e4itma registreerimisvormi, mis on saadaval J-TSOONi veebilehel.<\/span><\/li><li style=\"font-weight: 400;\" aria-level=\"1\"><span style=\"font-weight: 400;\">Osalejad peavad olema v\u00e4hemalt 13-aastased, et osaleda.<\/span><\/li><li style=\"font-weight: 400;\" aria-level=\"1\"><span style=\"font-weight: 400;\">T\u00f6\u00f6de esitamise t\u00e4htaeg on <\/span><b>p\u00fchap\u00e4ev,<\/b> <b>05.10.2025 at 23:59<\/b><span style=\"font-weight: 400;\">. <\/span><\/li><li style=\"font-weight: 400;\" aria-level=\"1\"><span style=\"font-weight: 400;\">Osaleja kohta on lubatud on esitada maksimaalselt 1 miniatuuri.<\/span><span style=\"font-weight: 400;\"> per participant<\/span><span style=\"font-weight: 400;\">.<\/span><\/li><li style=\"font-weight: 400;\" aria-level=\"1\"><span style=\"font-weight: 400;\">V\u00f5istlust\u00f6\u00f6d peavad olema registreeritud nende v\u00e4rvinud isiku poolt, keegi teine ei saa osaleja t\u00f6\u00f6d tema eest esitada.<\/span><\/li><\/ul><h3><b>3<\/b><b>. Nominations:<\/b><\/h3><p><span style=\"font-weight: 400;\">The J-TSOON Miniatures Competition highlights creativity, technique, and storytelling through small-scale painting and modeling. Participants will be considered for the following awards:<\/span><\/p><p><b>3.1 Top 3 Overall<\/b><\/p><ul><li style=\"font-weight: 400;\" aria-level=\"1\"><span style=\"font-weight: 400;\">The three entries that stand out across all criteria: craftsmanship, painting skill, creativity, and presentation. These are the best of the best.<\/span><\/li><\/ul><p><b>3.2 Spooky Mood<\/b><\/p><ul><li style=\"font-weight: 400;\" aria-level=\"1\"><span style=\"font-weight: 400;\">The Spooky Mood nomination is a special category created to celebrate the atmosphere of the J-TSOON: Burning Pumpkin Fest event!<\/span><\/li><li style=\"font-weight: 400;\" aria-level=\"1\"><span style=\"font-weight: 400;\">Given to the miniature that best captures eerie, haunting, or darkly atmospheric themes. P<\/span><span style=\"font-weight: 400;\">articipants in this category should focus on delivering a chilling and spooky aesthetic through their entry.<\/span><\/li><\/ul><p><b>3.3 Sponsor\u2019s Favourite<\/b><\/p><ul><li style=\"font-weight: 400;\" aria-level=\"1\"><span style=\"font-weight: 400;\">Selected personally by one of our event sponsors. This piece may stand out due to bold color choices, originality, or simply a vibe that clicks \u2014 it\u2019s all up to the sponsor\u2019s taste.<\/span><\/li><\/ul><h3><b>4. Hindamiskriteeriumid:<\/b><\/h3><p><span style=\"font-weight: 400;\">Miniatuuri v\u00e4rvimise v\u00f5istlust hindavad kohtunikud, kes l\u00e4htuvad j\u00e4rgmistest kriteeriumidest:<\/span><\/p><ul><li style=\"font-weight: 400;\" aria-level=\"1\"><b>V\u00e4rvimise stiil:<\/b><span style=\"font-weight: 400;\"> Iga t\u00f6\u00f6 osa demonstreerib hoolikat v\u00e4rvimist igast vaatenurgast, n\u00e4idates ladusat tehnikat, olgu see siis traditsioonilises v\u00f5i vabak\u00e4elise v\u00e4rvimise stiilis. V\u00e4rvikihid segunevad sujuvalt, ilma liigse tekstuurita, erinevates v\u00e4rvitud osades olevad kontuurid on hoolikalt t\u00e4idetud, n\u00e4idates t\u00e4psust.<\/span><\/li><li style=\"font-weight: 400;\" aria-level=\"1\"><b>K\u00e4sit\u00f6\u00f6oskus:<\/b><span style=\"font-weight: 400;\"> Miniatuuri ja aluse kokkupanek kajastavad hoolikat ettevalmistust. Pindade defekte, nagu vormijooned ja printimistoed, puuduvad. Muudatused, kui neid on, sulanduvad sujuvalt originaalminiatuuriga, nii et neid ei ole v\u00f5imalik eristada.<\/span><\/li><li style=\"font-weight: 400;\" aria-level=\"1\"><b>Kompositsioon:<\/b><span style=\"font-weight: 400;\"> Miniatuur ja aluskomponendid moodustavad \u00fchtse struktuuri, mis t\u00e4iendavad \u00fcksteist. Kompositsioon juhib vaataja pilku fookuspunkti, suurendades kogu visuaalset atraktiivsust.<\/span><\/li><\/ul><h3><b>5. V\u00f5istlusega seotud korralduslikud k\u00fcsimused:<\/b><\/h3><ul><li aria-level=\"1\"><b>Participants must attend J-TSOON:BPF on 8th and 9th of November 2025 to enter the Miniature Painting competition.<\/b><\/li><li><span style=\"font-weight: 400;\">Osalejad peavad saabuma m\u00e4\u00e4ratud registreerimisaegadel, mis antakse p\u00e4rast avalduse vastuv\u00f5tmist e-posti teel. Kui te ei registreeru \u00f5igeaegselt, ei ole teil \u00f5igust auhinda v\u00f5ita.<\/span><\/li><li style=\"font-weight: 400;\" aria-level=\"1\"><span style=\"font-weight: 400;\">\u00dcrituse t\u00f6\u00f6tajad v\u00f5ivad n\u00f5uda teilt isikut t\u00f5endavat dokumenti, kui tekib kahtlus osaleja isikusamasuse suhtes. Selleks v\u00f5ib olla pass, ID-kaart, juhiluba v\u00f5i (\u00fcli)\u00f5pilaspilet.<\/span><\/li><li style=\"font-weight: 400;\" aria-level=\"1\"><span style=\"font-weight: 400;\">Korraldajatena p\u00fc\u00fcame mahutada v\u00f5istlusele kuni 20 t\u00f6\u00f6d. T\u00f6id v\u00f5etakse vastu saabumise j\u00e4rjekorras. Kui esitatud t\u00f6\u00f6de arv \u00fcletab selle piiri, v\u00f5ime osalejate valimisel arvestada taotluste esitamise j\u00e4rjekorda. <\/span><\/li><li aria-level=\"1\"><span style=\"font-weight: 400;\">Meie prioriteediks on inklusiivsus ja me tervitame osalejaid k\u00f5ikidest kogemustasemetest. <\/span><\/li><li aria-level=\"1\">Kui taotluste arv \u00fcletab oluliselt mahtu, j\u00e4tavad korraldajad endale \u00f5iguse v\u00f5istluse ennet\u00e4htaegselt sulgeda.<\/li><li style=\"font-weight: 400;\" aria-level=\"1\"><span style=\"font-weight: 400;\">Kui osaleja diskvalifitseeritakse v\u00f5i loobub v\u00f5istlusest vabatahtlikult, v\u00f5tame \u00fchendust j\u00e4rgmise nimekirjas oleva osalejaga, kes on esitanud taotluse.<\/span><\/li><li style=\"font-weight: 400;\" aria-level=\"1\"><span style=\"font-weight: 400;\">The winners of the Miniature Painting Competition will be announced at the J-TSOON:BPF on Sunday 9th of November 2025.<\/span><\/li><li style=\"font-weight: 400;\" aria-level=\"1\"><span style=\"font-weight: 400;\">Kuigi J-TSOONi meeskond annab endast parima, et miniatuure hoolikalt k\u00e4sitleda, ei saa J-TSOONi meeskond vastutada v\u00f5imaliku kahjustuse v\u00f5i varguse eest. Osalejad m\u00f5istavad, et v\u00f5istlusel osalemisega v\u00f5ib nende t\u00f6\u00f6 olla \u00f6\u00f6 jooksul v\u00e4ljapanekul.<\/span><\/li><li style=\"font-weight: 400;\" aria-level=\"1\"><span style=\"font-weight: 400;\">Eespool nimetatud reeglite rikkumine v\u00f5ib kaasa tuua v\u00f5istlusest diskvalifitseerimise.\u00a0<\/span><\/li><\/ul><p><span style=\"font-weight: 400;\">M\u00e4rkus: Korraldajatel on \u00f5igus muuta v\u00f5istluse reegleid ja m\u00e4\u00e4rusi, et tagada \u00f5iglane hindamine, hoida korda ja tagada k\u00f5igi osalejate turvalisus.<\/span><\/p><h4><span style=\"font-weight: 400;\">Lisak\u00fcsimuste korral v\u00f5tke meiega \u00fchendust e-posti aadressil <a href=\"mailto:gaming@j-tsoon.ee\">gaming@j-tsoon.ee<\/a><\/span><span style=\"font-weight: 400;\">\u00a0.<\/span><\/h4>\t\t\t\t\t\t\t\t<\/div>\n\t\t\t\t<\/div>\n\t\t\t\t\t<\/div>\n\t\t\t\t<\/div>\n\t\t<div class=\"elementor-element elementor-element-468bf00 elementor-hidden-desktop elementor-hidden-tablet elementor-hidden-mobile e-flex e-con-boxed e-con e-parent\" data-id=\"468bf00\" data-element_type=\"container\" data-e-type=\"container\">\n\t\t\t\t\t<div class=\"e-con-inner\">\n\t\t<div class=\"elementor-element elementor-element-e56dcba e-con-full e-flex e-con e-child\" data-id=\"e56dcba\" data-element_type=\"container\" data-e-type=\"container\">\n\t\t\t\t<div class=\"elementor-element elementor-element-3de25b3 elementor-widget elementor-widget-heading\" data-id=\"3de25b3\" data-element_type=\"widget\" data-e-type=\"widget\" data-widget_type=\"heading.default\">\n\t\t\t\t<div class=\"elementor-widget-container\">\n\t\t\t\t\t<h3 class=\"elementor-heading-title elementor-size-default\"><a href=\"https:\/\/j-tsoon.ee\/et\/artists\/\">Apply for MINIATURE PAINTING COMPETITION AT J-TSOON:BPF 2025.<\/a><\/h3>\t\t\t\t<\/div>\n\t\t\t\t<\/div>\n\t\t\t\t<\/div>\n\t\t<div class=\"elementor-element elementor-element-0c2957a e-con-full e-flex e-con e-child\" data-id=\"0c2957a\" data-element_type=\"container\" data-e-type=\"container\">\n\t\t\t\t<div class=\"elementor-element elementor-element-1d25385 elementor-align-left elementor-widget elementor-widget-button\" data-id=\"1d25385\" data-element_type=\"widget\" data-e-type=\"widget\" data-widget_type=\"button.default\">\n\t\t\t\t<div class=\"elementor-widget-container\">\n\t\t\t\t\t\t\t\t\t<div class=\"elementor-button-wrapper\">\n\t\t\t\t\t<a class=\"elementor-button elementor-button-link elementor-size-lg\" href=\"https:\/\/docs.google.com\/forms\/d\/e\/1FAIpQLSfr187R61ixE-Cf6ju40_jSas5xpulP7toRJpCQPtEIwhpEsw\/viewform?usp=sharing&#038;ouid=113362317879526393992\">\n\t\t\t\t\t\t<span class=\"elementor-button-content-wrapper\">\n\t\t\t\t\t\t<span class=\"elementor-button-icon\">\n\t\t\t\t<svg aria-hidden=\"true\" class=\"e-font-icon-svg e-fas-angle-right\" viewbox=\"0 0 256 512\" xmlns=\"http:\/\/www.w3.org\/2000\/svg\"><path d=\"M224.3 273l-136 136c-9.4 9.4-24.6 9.4-33.9 0l-22.6-22.6c-9.4-9.4-9.4-24.6 0-33.9l96.4-96.4-96.4-96.4c-9.4-9.4-9.4-24.6 0-33.9L54.3 103c9.4-9.4 24.6-9.4 33.9 0l136 136c9.5 9.4 9.5 24.6.1 34z\"><\/path><\/svg>\t\t\t<\/span>\n\t\t\t\t\t\t\t\t\t<span class=\"elementor-button-text\">Kandideeri kohe<\/span>\n\t\t\t\t\t<\/span>\n\t\t\t\t\t<\/a>\n\t\t\t\t<\/div>\n\t\t\t\t\t\t\t\t<\/div>\n\t\t\t\t<\/div>\n\t\t\t\t<\/div>\n\t\t\t\t\t<\/div>\n\t\t\t\t<\/div>\n\t\t\t\t<\/div>","protected":false},"excerpt":{"rendered":"<p>GAMING @ J-TSOON J-TSOON:BPF 2025 MINIATURE PAINTING COMPETITION RULES The J-TSOON:BPF Miniature Painting Competition will be held on 8th and 9th of November at Kultuurikatel \/ Energia Avastuskeskus, Tallinn, Estonia. Participants in this competition will have the opportunity to display their selected entries, and we&#8217;ll be awarding prizes to the most outstanding works.\u00a0 We look [&hellip;]<\/p>\n","protected":false},"author":1,"featured_media":0,"parent":3086,"menu_order":0,"comment_status":"closed","ping_status":"closed","template":"elementor_theme","meta":{"footnotes":""},"class_list":["post-2235","page","type-page","status-publish","hentry"],"blocksy_meta":{"page_title_panel":"","has_hero_section":"disabled","8359239f778bbe3bed91b84f8a98834d":"","hero_section":"type-1","hero_elements":[{"id":"custom_title","enabled":true,"heading_tag":"h1","title":"Avaleht"},{"id":"custom_description","enabled":true,"description_visibility":{"desktop":true,"tablet":true,"mobile":false}},{"id":"custom_meta","enabled":false,"meta_elements":[{"id":"author","enabled":true,"label":"By","has_author_avatar":"yes","avatar_size":25},{"id":"post_date","enabled":true,"label":"On","date_format_source":"default","date_format":"M j, Y"},{"id":"updated_date","enabled":false,"label":"On","date_format_source":"default","date_format":"M j, Y"},{"id":"categories","enabled":false,"label":"In","style":"simple"},{"id":"comments","enabled":true}],"page_meta_elements":{"joined":true,"articles_count":true,"comments":true}},{"id":"breadcrumbs","enabled":false}],"621fe1f720f11312a84fdfcd7da30690":"","hero_alignment1":"CT_CSS_SKIP_RULE","hero_margin":40,"hero_alignment2":"center","hero_vertical_alignment":"center","d3c34b06105b21298f295a81324d50aa":"","hero_structure":"narrow","1ef2fbf48ad24a43b9dcd4769ba797b5":"","page_title_bg_type":"featured_image","custom_hero_background":{"attachment_id":null},"page_title_image_size":"full","parallax":{"desktop":false,"tablet":false,"mobile":false},"d2eeb83f4a3a9c7437eb3779e9a1781f":"","hero_height":"250px","pageTitleFont":{"family":"Default","variation":"Default","size":"30px","line-height":"CT_CSS_SKIP_RULE","letter-spacing":"CT_CSS_SKIP_RULE","text-transform":"CT_CSS_SKIP_RULE","text-decoration":"CT_CSS_SKIP_RULE"},"pageTitleFontColor":{"default":{"color":"CT_CSS_SKIP_RULEDEFAULT"}},"pageMetaFont":{"family":"Default","variation":"n6","size":"12px","line-height":"1.3","letter-spacing":"CT_CSS_SKIP_RULE","text-transform":"uppercase","text-decoration":"CT_CSS_SKIP_RULE"},"pageMetaFontColor":{"default":{"color":"CT_CSS_SKIP_RULEDEFAULT"},"hover":{"color":"CT_CSS_SKIP_RULEDEFAULT"}},"page_meta_button_type_font_colors":{"default":{"color":"CT_CSS_SKIP_RULEDEFAULT"},"hover":{"color":"CT_CSS_SKIP_RULEDEFAULT"}},"page_meta_button_type_background_colors":{"default":{"color":"CT_CSS_SKIP_RULEDEFAULT"},"hover":{"color":"CT_CSS_SKIP_RULEDEFAULT"}},"pageExcerptFont":{"family":"Default","variation":"Default","size":"CT_CSS_SKIP_RULE","line-height":"CT_CSS_SKIP_RULE","letter-spacing":"CT_CSS_SKIP_RULE","text-transform":"CT_CSS_SKIP_RULE","text-decoration":"CT_CSS_SKIP_RULE"},"pageExcerptColor":{"default":{"color":"CT_CSS_SKIP_RULEDEFAULT"}},"breadcrumbsFont":{"family":"Default","variation":"Default","size":"CT_CSS_SKIP_RULE","line-height":"CT_CSS_SKIP_RULE","letter-spacing":"CT_CSS_SKIP_RULE","text-transform":"CT_CSS_SKIP_RULE","text-decoration":"CT_CSS_SKIP_RULE"},"breadcrumbsFontColor":{"default":{"color":"CT_CSS_SKIP_RULEDEFAULT"},"initial":{"color":"CT_CSS_SKIP_RULEDEFAULT"},"hover":{"color":"CT_CSS_SKIP_RULEDEFAULT"}},"pageTitleOverlay":{"background_type":"color","background_pattern":"type-1","background_image":{"attachment_id":null,"x":0,"y":0},"gradient":"linear-gradient(135deg,rgba(6,147,227,1) 0%,rgb(155,81,224) 100%)","background_repeat":"repeat","background_size":"auto","background_attachment":"scroll","patternColor":{"default":{"color":"#e5e7ea"}},"overlayColor":{"default":{"color":"CT_CSS_SKIP_RULE"}},"backgroundColor":{"default":{"color":"CT_CSS_SKIP_RULE"}}},"pageTitleBackground":{"background_type":"color","background_pattern":"type-1","background_image":{"attachment_id":null,"x":0,"y":0},"gradient":"linear-gradient(135deg,rgba(6,147,227,1) 0%,rgb(155,81,224) 100%)","background_repeat":"repeat","background_size":"auto","background_attachment":"scroll","patternColor":{"default":{"color":"#e5e7ea"}},"overlayColor":{"default":{"color":"CT_CSS_SKIP_RULE"}},"backgroundColor":{"default":{"color":"var(--theme-palette-color-6)"}}},"pageTitlePadding":{"top":"50px","bottom":"50px","left":"auto","right":"auto","linked":true},"b17a54b1f0e48f2fda831a59b5503107":"","page_structure_type":"default","daa56381fbfcefb461122e3544ad4598":"","content_style_source":"inherit","content_style":"wide","vertical_spacing_source":"custom","content_area_spacing":"none","background":{"background_type":"color","background_pattern":"type-1","background_image":{"attachment_id":null,"x":0,"y":0},"gradient":"linear-gradient(135deg,rgba(6,147,227,1) 0%,rgb(155,81,224) 100%)","background_repeat":"repeat","background_size":"auto","background_attachment":"scroll","patternColor":{"default":{"color":"#e5e7ea"}},"overlayColor":{"default":{"color":"CT_CSS_SKIP_RULE"}},"backgroundColor":{"default":{"color":"CT_CSS_SKIP_RULE"}}},"content_background":{"background_type":"color","background_pattern":"type-1","background_image":{"attachment_id":null,"x":0,"y":0},"gradient":"linear-gradient(135deg,rgba(6,147,227,1) 0%,rgb(155,81,224) 100%)","background_repeat":"repeat","background_size":"auto","background_attachment":"scroll","patternColor":{"default":{"color":"#e5e7ea"}},"overlayColor":{"default":{"color":"CT_CSS_SKIP_RULE"}},"backgroundColor":{"default":{"color":"var(--theme-palette-color-8)"}}},"content_boxed_shadow":{"inherit":false,"blur":18,"spread":-6,"v_offset":12,"h_offset":0,"inset":false,"enable":true,"color":{"color":"rgba(34, 56, 101, 0.04)"}},"content_boxed_border":{"width":1,"style":"none","color":{"color":"rgba(44,62,80,0.2)"}},"content_boxed_radius":{"top":"3px","bottom":"3px","left":"3px","right":"3px","linked":true},"boxed_content_spacing":{"desktop":{"top":"40px","bottom":"40px","left":"40px","right":"40px","linked":true},"tablet":{"top":"35px","bottom":"35px","left":"35px","right":"35px","linked":true},"mobile":{"top":"20px","bottom":"20px","left":"20px","right":"20px","linked":true}},"7714e4d58d5e4d0afb386fd4a595e84d":"","disable_featured_image":"no","disable_share_box":"no","disable_header":"no","disable_footer":"no","styles_descriptor":{"styles":{"desktop":"","tablet":"","mobile":""},"google_fonts":[],"version":6}},"brizy_media":[],"_links":{"self":[{"href":"https:\/\/j-tsoon.ee\/et\/wp-json\/wp\/v2\/pages\/2235","targetHints":{"allow":["GET"]}}],"collection":[{"href":"https:\/\/j-tsoon.ee\/et\/wp-json\/wp\/v2\/pages"}],"about":[{"href":"https:\/\/j-tsoon.ee\/et\/wp-json\/wp\/v2\/types\/page"}],"author":[{"embeddable":true,"href":"https:\/\/j-tsoon.ee\/et\/wp-json\/wp\/v2\/users\/1"}],"replies":[{"embeddable":true,"href":"https:\/\/j-tsoon.ee\/et\/wp-json\/wp\/v2\/comments?post=2235"}],"version-history":[{"count":76,"href":"https:\/\/j-tsoon.ee\/et\/wp-json\/wp\/v2\/pages\/2235\/revisions"}],"predecessor-version":[{"id":8632,"href":"https:\/\/j-tsoon.ee\/et\/wp-json\/wp\/v2\/pages\/2235\/revisions\/8632"}],"up":[{"embeddable":true,"href":"https:\/\/j-tsoon.ee\/et\/wp-json\/wp\/v2\/pages\/3086"}],"wp:attachment":[{"href":"https:\/\/j-tsoon.ee\/et\/wp-json\/wp\/v2\/media?parent=2235"}],"curies":[{"name":"wp","href":"https:\/\/api.w.org\/{rel}","templated":true}]}}