{"id":2115,"date":"2024-01-31T19:36:37","date_gmt":"2024-01-31T19:36:37","guid":{"rendered":"https:\/\/j-tsoon.ee\/?page_id=2115"},"modified":"2026-03-20T14:42:54","modified_gmt":"2026-03-20T14:42:54","slug":"flea","status":"publish","type":"page","link":"https:\/\/j-tsoon.ee\/et\/alley\/flea\/","title":{"rendered":"Kirtbuturu taotlus"},"content":{"rendered":"<div data-elementor-type=\"wp-page\" data-elementor-id=\"2115\" class=\"elementor elementor-2115\">\n\t\t\t\t<div class=\"elementor-element elementor-element-6e5f848c e-con-full e-flex e-con e-parent\" data-id=\"6e5f848c\" data-element_type=\"container\" data-e-type=\"container\" data-settings=\"{&quot;background_background&quot;:&quot;classic&quot;}\">\n\t\t<div class=\"elementor-element elementor-element-2ba9179e e-flex e-con-boxed e-con e-child\" data-id=\"2ba9179e\" data-element_type=\"container\" data-e-type=\"container\">\n\t\t\t\t\t<div class=\"e-con-inner\">\n\t\t\t\t<div class=\"elementor-element elementor-element-6ce837f4 elementor-widget elementor-widget-heading\" data-id=\"6ce837f4\" data-element_type=\"widget\" data-e-type=\"widget\" data-widget_type=\"heading.default\">\n\t\t\t\t<div class=\"elementor-widget-container\">\n\t\t\t\t\t<h2 class=\"elementor-heading-title elementor-size-default\">FLEA MARKET @ J-TSOON<\/h2>\t\t\t\t<\/div>\n\t\t\t\t<\/div>\n\t\t\t\t\t<\/div>\n\t\t\t\t<\/div>\n\t\t\t\t<\/div>\n\t\t<div class=\"elementor-element elementor-element-9d1d051 e-flex e-con-boxed e-con e-parent\" data-id=\"9d1d051\" data-element_type=\"container\" data-e-type=\"container\">\n\t\t\t\t\t<div class=\"e-con-inner\">\n\t\t\t\t<div class=\"elementor-element elementor-element-095f400 elementor-widget elementor-widget-heading\" data-id=\"095f400\" data-element_type=\"widget\" data-e-type=\"widget\" id=\"flea\" data-widget_type=\"heading.default\">\n\t\t\t\t<div class=\"elementor-widget-container\">\n\t\t\t\t\t<h1 class=\"elementor-heading-title elementor-size-default\">J-TSOON FLEA MARKET RULES<\/h1>\t\t\t\t<\/div>\n\t\t\t\t<\/div>\n\t\t\t\t<div class=\"elementor-element elementor-element-c6d53ca elementor-widget elementor-widget-text-editor\" data-id=\"c6d53ca\" data-element_type=\"widget\" data-e-type=\"widget\" data-widget_type=\"text-editor.default\">\n\t\t\t\t<div class=\"elementor-widget-container\">\n\t\t\t\t\t\t\t\t\t<h2><span style=\"font-weight: 400;\">1. Teave Kunsti ja K\u00e4sit\u00f6\u00f6 Allee kohta<\/span><\/h2><ul><li aria-level=\"1\"><span style=\"font-weight: 400;\">Kirbuturul saate uut elu sisse puhuda oma vanadele esemetele, olgu need siis manga, cosplay, figuurid v\u00f5i muud geeky kaubad.<\/span><\/li><\/ul><h2><span style=\"font-weight: 400;\">2. \u00dcldreeglid\u00a0\u00a0<\/span><\/h2><ul><li><b>Taotluse esitamine ei garanteeri 100% osalemist <\/b><b>Kirbuturul.<\/b><\/li><li><b>\u00dcritusele m\u00fc\u00fcgiks planeeritud kaupade fotode esitamine on kohustuslik.<\/b><b> Kui osaleja ei lisa taotlusvormile fotot kaubast, ei lubata teda kirbuturule.<\/b><ul><li><b>Piltide v\u00f5i linkide esitamisel peab olema selge, milliseid esemeid te oma laual m\u00fc\u00fcte. Puuduliku info esitamine v\u00f5ib kaasa tuua <\/b><b>Kirbuturg<\/b><b>.  (Fotod teie eelmistest setup'idest on v\u00e4ga teretulnud ja aitavad valikuprotsessis.)<\/b><\/li><li style=\"font-weight: 400;\" aria-level=\"1\"><span style=\"font-weight: 400;\">M\u00fc\u00fcjad v\u00f5ivad paigutada oma kaupa lauale v\u00f5i selle \u00fcmber, seni kuni see ei takista teisi osalejaid ega k\u00fclastajaid.\u00a0<\/span><\/li><li style=\"font-weight: 400;\" aria-level=\"1\"><span style=\"font-weight: 400;\">Festivali raames on keelatud esemeid, mis sisaldavad r\u00f5vedust, solvavat sisu v\u00f5i v\u00e4givalda.\u00a0<\/span><\/li><\/ul><\/li><li><b>T\u00e4iskasvanutele (18+) m\u00f5eldud esemeid ei ole lubatud \u00fcritusel avalikult eksponeerida.<\/b><ul><li><span style=\"font-weight: 400;\">T\u00e4iskasvanutele m\u00f5eldud esemed peaksid olema varjatud, kaetud linaga, pikseldatud v\u00f5i muul viisil maskeeritud.\u00a0<\/span><\/li><\/ul><\/li><li><span style=\"font-weight: 400;\">Joogide, suupistete ja toidu m\u00fc\u00fck Kirbuturul on keelatud. <\/span><span style=\"font-weight: 400;\">Kirbuturg <\/span><span style=\"font-weight: 400;\">is not permitted.\u00a0<\/span><\/li><li><span style=\"font-weight: 400;\">M\u00fc\u00fcjad ja nende abilised peavad olema viisakad ja lugupidavad oma kaasm\u00fc\u00fcjate, k\u00fclastajate, korraldajate, vabatahtlike ja k\u00f5ikide teiste \u00fcritusel viibijate suhtes.\u00a0<\/span><\/li><li><span style=\"font-weight: 400;\">Kaupade m\u00fc\u00fcmine \u00fcrituse territooriumil on lubatud ainult isikutele, kes:<\/span><ul><li style=\"font-weight: 400;\" aria-level=\"2\"><span style=\"font-weight: 400;\">On K&amp;K Allee, Kirbuturu v\u00f5i Kommertstsooni osalejad.<\/span><\/li><li style=\"font-weight: 400;\" aria-level=\"2\"><span style=\"font-weight: 400;\">On l\u00e4binud eelneva valiku ja olid vastu v\u00f5etud m\u00fc\u00fcjate nimekirja.<\/span><\/li><li style=\"font-weight: 400;\" aria-level=\"2\"><span style=\"font-weight: 400;\">On \u00fcrituse korraldajatelt saanud endale laua ja\/v\u00f5i spetsiaalselt m\u00e4\u00e4ratud m\u00fc\u00fcgikoha.<\/span><\/li><\/ul><\/li><li><span style=\"font-weight: 400;\">Igale <\/span><span style=\"font-weight: 400;\">Kirbuturg<\/span><span style=\"font-weight: 400;\"> osaleja saab \u00fche laua iga esitatud avalduse kohta. Laua suurus on 152 cm x 76 cm.\u00a0<\/span><\/li><li><span style=\"font-weight: 400;\">\u00dcrituse ajal peavad <\/span><span style=\"font-weight: 400;\">Kirbuturg<\/span><span style=\"font-weight: 400;\"> tooma oma laudade katmiseks kanga. <\/span><span style=\"font-weight: 400;\">Oma laua katmine kangaga on kohustuslik! (umbes 180 cm).<\/span><\/li><li><span style=\"font-weight: 400;\">Kirbuturul saab m\u00fc\u00fca anime, k-popi, m\u00e4ngude, koomiksite seotud esemeid ja palju muud. Nende hulka v\u00f5ivad kuuluda figuurid, v\u00f5tmehoidjad, manga, cosplay esemed, parukad ja k\u00f5ik sellega seotud kaubad, mis vastavad reeglitele.\u00a0<\/span><\/li><li><span style=\"font-weight: 400;\">Kehaga tihedalt seotud kasutatud esemete, nt kasutatud kontaktl\u00e4\u00e4tsed, kasutatud aluspesu, kasutatud kunsthambad ja muude sarnaste toodete m\u00fc\u00fck on keelatud.<\/span><\/li><li><b>Nende reeglite rikkumise korral reserveerivad \u00fcrituse korraldajad endale <\/b><b>\u00f5iguse paluda teil \u00fcrituselt lahkuda ilma sissep\u00e4\u00e4supileti kompenseerimiseta.<\/b><\/li><li style=\"list-style-type: none;\">\u00a0<\/li><\/ul><h2><span style=\"font-weight: 400;\">3. Osalejate valimise kriteeriumid:<\/span><\/h2><ul><li><span style=\"font-weight: 400;\">K\u00f5ik <\/span><span style=\"font-weight: 400;\">Kirbuturg <\/span><span style=\"font-weight: 400;\">osalejatel<\/span><span style=\"font-weight: 400;\">, kes t\u00e4idavad ja esitavad taotluse n\u00f5uetekohaselt<\/span><span style=\"font-weight: 400;\">\u00a0l\u00e4bivad \u00fcrituse korraldajate poolt l\u00e4biviidava valikuprotsessi.<\/span><\/li><li><b>Kirbuturul <\/b><b>Kirbuturg<\/b><b> on piiratud!<\/b><\/li><li><span style=\"font-weight: 400;\">\u00dcrituse korraldajad j\u00e4tavad endale \u00f5iguse taotluse tagasil\u00fckkamiseks ilma p\u00f5hjendusi esitamata.<\/span><\/li><\/ul><h2><span style=\"font-weight: 400;\">4. Piletid<\/span><\/h2><ul><li><span style=\"font-weight: 400;\">M\u00fc\u00fcjad <\/span><span style=\"font-weight: 400;\">peavad omama eripiletit, et osaleda <\/span><span style=\"font-weight: 400;\">Kirbuturg<\/span><span style=\"font-weight: 400;\">.\u00a0<\/span><\/li><li><span style=\"font-weight: 400;\">Kirbuturul osalejate piletil on m\u00e4\u00e4ratud <\/span><span style=\"font-weight: 400;\">Kirbuturg <\/span><span style=\"font-weight: 400;\">ja nimi.\u00a0<\/span><\/li><li><span style=\"font-weight: 400;\">Iga <\/span><span style=\"font-weight: 400;\">m\u00fc\u00fcja <\/span><span style=\"font-weight: 400;\">v\u00f5ib kaasa v\u00f5tta \u00fche assistendi, kellel peab samuti olema pilet ja kes peab olema registreeritud.\u00a0<\/span><\/li><li><span style=\"font-weight: 400;\">M\u00fc\u00fcjad ning nende assistendid peavad sissep\u00e4\u00e4su juures esitama isikutunnistuse v\u00f5i passi ja pileti.\u00a0<\/span><\/li><li><span style=\"font-weight: 400;\">Pileteid kontrollitakse registreerimise k\u00e4igus ja need vahetatakse k\u00e4epaela vastu, mis tagab vaba sissep\u00e4\u00e4su hoonesse k\u00f5ikidel \u00fcrituste p\u00e4evadel. K\u00e4epaela ei tohi mingil juhul eemaldada kogu \u00fcrituse ajal.<\/span><\/li><li><b>Kui te eemaldate\/kaotate k\u00e4epaela p\u00e4rast Esimest P\u00e4eva, peate Teise P\u00e4eva jaoks uue pileti ostma. Rinnam\u00e4rk ei ole pilet!<\/b><span style=\"font-weight: 400;\"> Kui soovite Esimese P\u00e4eva \u00f5htul k\u00e4epaela eemaldada ja seda Teisel P\u00e4eval kanda, tehke seda hoolikalt ja \u00e4rge mingil juhul visake oma k\u00e4epaela \u00e4ra!<\/span><\/li><li><span style=\"font-weight: 400;\">K\u00e4epael kehtib \u00fcrituse kestuseks, mis on m\u00e4rgitud teie poolt ostetud piletil. <\/span>K\u00f5ik Kirbuturg osalejatele m\u00f5eldud p\u00e4\u00e4smed kehtivad m\u00f5lemal festivalip\u00e4eval \u2013 ka siis, kui osaled vaid \u00fchel neist.<\/li><\/ul><h2>5. Registreerimine\u00a0<\/h2><ul><li><span style=\"font-weight: 400;\">Kirbuturul osalemine <\/span><span style=\"font-weight: 400;\">Kirbuturg<\/span><span style=\"font-weight: 400;\"> neile, kes:<\/span><ul><li><span style=\"font-weight: 400;\">On l\u00e4binud \u00fcrituse korraldajate poolt l\u00e4bi viidud valikuprotsessi.<\/span><\/li><li><span style=\"font-weight: 400;\">On saanud kinnituskirja oma registreeritud e-posti aadressile osalemise kohta.<\/span><\/li><li><span style=\"font-weight: 400;\">On kantud osalejate nimekirja. \nK\u00f5ik kolm nendest eelnevalt mainitud tingimustest peavad olema t\u00e4idetud.<\/span><\/li><\/ul><\/li><li><span style=\"font-weight: 400;\">Kirbuturul osalejate <\/span><span style=\"font-weight: 400;\">Kirbuturg<\/span><span style=\"font-weight: 400;\"> toimub selleks etten\u00e4htud kohas, mis m\u00e4rgitakse <\/span><span style=\"font-weight: 400;\">Kirbuturg<\/span><span style=\"font-weight: 400;\"> Kirbuturu kaardile, mis saadetakse koos vastuv\u00f5tvate e-kirjadega.<\/span><\/li><li><span style=\"font-weight: 400;\">Osalejatel on lubatud oma lauad \u00fcles seada alates reede \u00f5htust v\u00f5i laup\u00e4evast kuni p\u00fchap\u00e4evani.<\/span><\/li><li><b>K\u00f5ik lauad peavad olema \u00fcles seatud enne \u00fcrituse algust vastavalt \u00fcrituse ajakavale.<\/b><\/li><li><span style=\"font-weight: 400;\">Kirbuturu osalejad <\/span><span style=\"font-weight: 400;\">Kirbuturg<\/span><span style=\"font-weight: 400;\"> nende assistendid peavad kandma registreerimisel v\u00e4ljastatud rinnam\u00e4rki ja k\u00e4epaela. (\u00fcksikasjad selle saamise kohta esitatakse kinnitatud avalduse e-kirjas).\u00a0<\/span><\/li><li><span style=\"font-weight: 400;\">Kirbuturu<\/span> <span style=\"font-weight: 400;\">osalejatel <\/span><span style=\"font-weight: 400;\">osalejad peavad olema kohal hiljemalt 30 minutit enne \u00fcrituse algust ja j\u00e4\u00e4ma oma laua juurde kogu \u00fcrituse ajaks. Kui teil on m\u00f5juv p\u00f5hjus enneaegseks lahkumiseks, peate sellest teavitama Kirbuturu <\/span><span style=\"font-weight: 400;\">Kirbuturg<\/span><span style=\"font-weight: 400;\"> koordinaatorit isiklikult v\u00f5i telefoni teel (tel. number antakse koos vastuv\u00f5tukirjaga).<\/span><\/li><\/ul><h2>6. Vastutus isiklike asjade eest<span style=\"font-weight: 400;\">\u00a0<\/span><\/h2><ul><li><span style=\"font-weight: 400;\">Kirbuturg<\/span> <span style=\"font-weight: 400;\">osalejatel <\/span><span style=\"font-weight: 400;\">on lubatud j\u00e4tta oma esemed \u00fcrituse esimese p\u00e4eva l\u00f5pus (samuti \u00f6\u00f6sel reedelt laup\u00e4evani, kui teie laud on \u00fcles seatud reedest alates), kuid korraldajad ei vastuta teie asjade turvalisuse eest.<\/span><\/li><li><span style=\"font-weight: 400;\">Ei soovitata j\u00e4tta lauda \u00fcrituse ajal valveta, kuna \u00fcrituse korraldajad ei vastuta teie vara ja kauba turvalisuse eest.<\/span><\/li><\/ul><h2>7. AI &amp; Varastatud kunstiteosed<span style=\"font-weight: 400;\">\u00a0<\/span><\/h2><ul><li aria-level=\"1\"><span style=\"font-weight: 400;\">Me oleme vastu varastatud kunstiteostele teistelt loojatelt ning ka teostele, mis on loodud AI abil, seega on <\/span><span style=\"font-weight: 400;\">Kirbuturg<\/span><span style=\"font-weight: 400;\"> keelatud m\u00fc\u00fca tooteid, mis sisaldavad eetiliselt allikastamata kunstiteoseid. Me oleme AI vastu, seega on <\/span><span style=\"font-weight: 400;\">Kirbuturg<\/span><span style=\"font-weight: 400;\">keelatud m\u00fc\u00fca AI abil loodud tooteid.\u00a0<\/span><\/li><\/ul><h2><span style=\"font-weight: 400;\">8. Lisateave\u00a0\u00a0<\/span><\/h2><ul><li><span style=\"font-weight: 400;\">Osalejad peavad esitama k\u00f5rgekvaliteedilised fotod oma toodetest.<\/span><\/li><li><span style=\"font-weight: 400;\">Selleks, et tagada teie esinemine meie sotsiaalmeedias, <\/span><b>veenduge, et taotluse esitamisel nimetate k\u00f5ik lisatud failid \u00fcmber, kasutades oma poe nime v\u00f5i pseudon\u00fc\u00fcmi.<\/b><span style=\"font-weight: 400;\"> (N\u00e4iteks, Cafters-store_logo.jpg, Cafters-store_stuff.jpg).\u00a0<\/span><\/li><li><span style=\"font-weight: 400;\">\u00a0Kirbuturul <\/span><span style=\"font-weight: 400;\">Kirbuturg<\/span><span style=\"font-weight: 400;\"> .\u00a0<\/span><\/li><\/ul><p><b><\/b><br \/><b>NB!<\/b><span style=\"font-weight: 400;\"> Korraldajad j\u00e4tavad endale \u00f5iguse teha muudatusi Kirbuturu reeglites ja eeskirjades, et tagada \u00f5iglane valik, korra s\u00e4ilitamine ja k\u00f5igi osalejate turvalisus.<\/span><\/p>\t\t\t\t\t\t\t\t<\/div>\n\t\t\t\t<\/div>\n\t\t\t\t\t<\/div>\n\t\t\t\t<\/div>\n\t\t<div class=\"elementor-element elementor-element-28d649d e-flex e-con-boxed e-con e-parent\" data-id=\"28d649d\" data-element_type=\"container\" data-e-type=\"container\">\n\t\t\t\t\t<div class=\"e-con-inner\">\n\t\t<div class=\"elementor-element elementor-element-cb949e4 e-con-full e-flex e-con e-child\" data-id=\"cb949e4\" data-element_type=\"container\" data-e-type=\"container\">\n\t\t\t\t<div class=\"elementor-element elementor-element-7ada9d3 elementor-widget elementor-widget-heading\" data-id=\"7ada9d3\" data-element_type=\"widget\" data-e-type=\"widget\" data-widget_type=\"heading.default\">\n\t\t\t\t<div class=\"elementor-widget-container\">\n\t\t\t\t\t<h3 class=\"elementor-heading-title elementor-size-default\"><a href=\"https:\/\/j-tsoon.ee\/et\/flea\/\">Apply for flea market in J-TSOON7<\/a><\/h3>\t\t\t\t<\/div>\n\t\t\t\t<\/div>\n\t\t\t\t<\/div>\n\t\t<div class=\"elementor-element elementor-element-8921a1e e-con-full e-flex e-con e-child\" data-id=\"8921a1e\" data-element_type=\"container\" data-e-type=\"container\">\n\t\t\t\t<div class=\"elementor-element elementor-element-76213ab elementor-align-left elementor-widget elementor-widget-button\" data-id=\"76213ab\" data-element_type=\"widget\" data-e-type=\"widget\" data-widget_type=\"button.default\">\n\t\t\t\t<div class=\"elementor-widget-container\">\n\t\t\t\t\t\t\t\t\t<div class=\"elementor-button-wrapper\">\n\t\t\t\t\t<a class=\"elementor-button elementor-button-link elementor-size-lg\" href=\"https:\/\/docs.google.com\/forms\/d\/e\/1FAIpQLSdvdDDxfc4sf-8YzPrlovm4GJ1WI5L4_DjWX1_aDx1eiw0wqw\/viewform\">\n\t\t\t\t\t\t<span class=\"elementor-button-content-wrapper\">\n\t\t\t\t\t\t<span class=\"elementor-button-icon\">\n\t\t\t\t<svg aria-hidden=\"true\" class=\"e-font-icon-svg e-fas-angle-right\" viewbox=\"0 0 256 512\" xmlns=\"http:\/\/www.w3.org\/2000\/svg\"><path d=\"M224.3 273l-136 136c-9.4 9.4-24.6 9.4-33.9 0l-22.6-22.6c-9.4-9.4-9.4-24.6 0-33.9l96.4-96.4-96.4-96.4c-9.4-9.4-9.4-24.6 0-33.9L54.3 103c9.4-9.4 24.6-9.4 33.9 0l136 136c9.5 9.4 9.5 24.6.1 34z\"><\/path><\/svg>\t\t\t<\/span>\n\t\t\t\t\t\t\t\t\t<span class=\"elementor-button-text\">ESITA TAOTLUS<\/span>\n\t\t\t\t\t<\/span>\n\t\t\t\t\t<\/a>\n\t\t\t\t<\/div>\n\t\t\t\t\t\t\t\t<\/div>\n\t\t\t\t<\/div>\n\t\t\t\t<\/div>\n\t\t\t\t\t<\/div>\n\t\t\t\t<\/div>\n\t\t\t\t<\/div>","protected":false},"excerpt":{"rendered":"<p>FLEA MARKET @ J-TSOON J-TSOON FLEA MARKET RULES 1. About Flea Market is a place where each of you can breathe new life into your old items, be it manga, cosplay, figurines, or any other geeky merchandise. 2. General rules\u00a0\u00a0 Submitting an application does not guarantee 100% participation in the Flea Market. It is mandatory [&hellip;]<\/p>\n","protected":false},"author":1,"featured_media":8847,"parent":3106,"menu_order":0,"comment_status":"closed","ping_status":"closed","template":"elementor_theme","meta":{"footnotes":""},"class_list":["post-2115","page","type-page","status-publish","has-post-thumbnail","hentry"],"blocksy_meta":{"page_title_panel":"","has_hero_section":"disabled","8359239f778bbe3bed91b84f8a98834d":"","hero_section":"type-1","hero_elements":[{"id":"custom_title","enabled":true,"heading_tag":"h1","title":"Avaleht"},{"id":"custom_description","enabled":true,"description_visibility":{"desktop":true,"tablet":true,"mobile":false}},{"id":"custom_meta","enabled":false,"meta_elements":[{"id":"author","enabled":true,"label":"By","has_author_avatar":"yes","avatar_size":25},{"id":"post_date","enabled":true,"label":"On","date_format_source":"default","date_format":"M j, Y"},{"id":"updated_date","enabled":false,"label":"On","date_format_source":"default","date_format":"M j, Y"},{"id":"categories","enabled":false,"label":"In","style":"simple"},{"id":"comments","enabled":true}],"page_meta_elements":{"joined":true,"articles_count":true,"comments":true}},{"id":"breadcrumbs","enabled":false}],"621fe1f720f11312a84fdfcd7da30690":"","hero_alignment1":"CT_CSS_SKIP_RULE","hero_margin":40,"hero_alignment2":"center","hero_vertical_alignment":"center","d3c34b06105b21298f295a81324d50aa":"","hero_structure":"narrow","1ef2fbf48ad24a43b9dcd4769ba797b5":"","page_title_bg_type":"featured_image","custom_hero_background":{"attachment_id":null},"page_title_image_size":"full","parallax":{"desktop":false,"tablet":false,"mobile":false},"d2eeb83f4a3a9c7437eb3779e9a1781f":"","hero_height":"250px","pageTitleFont":{"family":"Default","variation":"Default","size":"30px","line-height":"CT_CSS_SKIP_RULE","letter-spacing":"CT_CSS_SKIP_RULE","text-transform":"CT_CSS_SKIP_RULE","text-decoration":"CT_CSS_SKIP_RULE"},"pageTitleFontColor":{"default":{"color":"CT_CSS_SKIP_RULEDEFAULT"}},"pageMetaFont":{"family":"Default","variation":"n6","size":"12px","line-height":"1.3","letter-spacing":"CT_CSS_SKIP_RULE","text-transform":"uppercase","text-decoration":"CT_CSS_SKIP_RULE"},"pageMetaFontColor":{"default":{"color":"CT_CSS_SKIP_RULEDEFAULT"},"hover":{"color":"CT_CSS_SKIP_RULEDEFAULT"}},"page_meta_button_type_font_colors":{"default":{"color":"CT_CSS_SKIP_RULEDEFAULT"},"hover":{"color":"CT_CSS_SKIP_RULEDEFAULT"}},"page_meta_button_type_background_colors":{"default":{"color":"CT_CSS_SKIP_RULEDEFAULT"},"hover":{"color":"CT_CSS_SKIP_RULEDEFAULT"}},"pageExcerptFont":{"family":"Default","variation":"Default","size":"CT_CSS_SKIP_RULE","line-height":"CT_CSS_SKIP_RULE","letter-spacing":"CT_CSS_SKIP_RULE","text-transform":"CT_CSS_SKIP_RULE","text-decoration":"CT_CSS_SKIP_RULE"},"pageExcerptColor":{"default":{"color":"CT_CSS_SKIP_RULEDEFAULT"}},"breadcrumbsFont":{"family":"Default","variation":"Default","size":"CT_CSS_SKIP_RULE","line-height":"CT_CSS_SKIP_RULE","letter-spacing":"CT_CSS_SKIP_RULE","text-transform":"CT_CSS_SKIP_RULE","text-decoration":"CT_CSS_SKIP_RULE"},"breadcrumbsFontColor":{"default":{"color":"CT_CSS_SKIP_RULEDEFAULT"},"initial":{"color":"CT_CSS_SKIP_RULEDEFAULT"},"hover":{"color":"CT_CSS_SKIP_RULEDEFAULT"}},"pageTitleOverlay":{"background_type":"color","background_pattern":"type-1","background_image":{"attachment_id":null,"x":0,"y":0},"gradient":"linear-gradient(135deg,rgba(6,147,227,1) 0%,rgb(155,81,224) 100%)","background_repeat":"repeat","background_size":"auto","background_attachment":"scroll","patternColor":{"default":{"color":"#e5e7ea"}},"overlayColor":{"default":{"color":"CT_CSS_SKIP_RULE"}},"backgroundColor":{"default":{"color":"CT_CSS_SKIP_RULE"}}},"pageTitleBackground":{"background_type":"color","background_pattern":"type-1","background_image":{"attachment_id":null,"x":0,"y":0},"gradient":"linear-gradient(135deg,rgba(6,147,227,1) 0%,rgb(155,81,224) 100%)","background_repeat":"repeat","background_size":"auto","background_attachment":"scroll","patternColor":{"default":{"color":"#e5e7ea"}},"overlayColor":{"default":{"color":"CT_CSS_SKIP_RULE"}},"backgroundColor":{"default":{"color":"var(--theme-palette-color-6)"}}},"pageTitlePadding":{"top":"50px","bottom":"50px","left":"auto","right":"auto","linked":true},"b17a54b1f0e48f2fda831a59b5503107":"","page_structure_type":"default","daa56381fbfcefb461122e3544ad4598":"","content_style_source":"inherit","content_style":"wide","vertical_spacing_source":"custom","content_area_spacing":"none","background":{"background_type":"color","background_pattern":"type-1","background_image":{"attachment_id":null,"x":0,"y":0},"gradient":"linear-gradient(135deg,rgba(6,147,227,1) 0%,rgb(155,81,224) 100%)","background_repeat":"repeat","background_size":"auto","background_attachment":"scroll","patternColor":{"default":{"color":"#e5e7ea"}},"overlayColor":{"default":{"color":"CT_CSS_SKIP_RULE"}},"backgroundColor":{"default":{"color":"CT_CSS_SKIP_RULE"}}},"content_background":{"background_type":"color","background_pattern":"type-1","background_image":{"attachment_id":null,"x":0,"y":0},"gradient":"linear-gradient(135deg,rgba(6,147,227,1) 0%,rgb(155,81,224) 100%)","background_repeat":"repeat","background_size":"auto","background_attachment":"scroll","patternColor":{"default":{"color":"#e5e7ea"}},"overlayColor":{"default":{"color":"CT_CSS_SKIP_RULE"}},"backgroundColor":{"default":{"color":"var(--theme-palette-color-8)"}}},"content_boxed_shadow":{"inherit":false,"blur":18,"spread":-6,"v_offset":12,"h_offset":0,"inset":false,"enable":true,"color":{"color":"rgba(34, 56, 101, 0.04)"}},"content_boxed_border":{"width":1,"style":"none","color":{"color":"rgba(44,62,80,0.2)"}},"content_boxed_radius":{"top":"3px","bottom":"3px","left":"3px","right":"3px","linked":true},"boxed_content_spacing":{"desktop":{"top":"40px","bottom":"40px","left":"40px","right":"40px","linked":true},"tablet":{"top":"35px","bottom":"35px","left":"35px","right":"35px","linked":true},"mobile":{"top":"20px","bottom":"20px","left":"20px","right":"20px","linked":true}},"7714e4d58d5e4d0afb386fd4a595e84d":"","disable_featured_image":"no","disable_share_box":"no","disable_header":"no","disable_footer":"no","styles_descriptor":{"styles":{"desktop":"","tablet":"","mobile":""},"google_fonts":[],"version":6}},"brizy_media":[],"_links":{"self":[{"href":"https:\/\/j-tsoon.ee\/et\/wp-json\/wp\/v2\/pages\/2115","targetHints":{"allow":["GET"]}}],"collection":[{"href":"https:\/\/j-tsoon.ee\/et\/wp-json\/wp\/v2\/pages"}],"about":[{"href":"https:\/\/j-tsoon.ee\/et\/wp-json\/wp\/v2\/types\/page"}],"author":[{"embeddable":true,"href":"https:\/\/j-tsoon.ee\/et\/wp-json\/wp\/v2\/users\/1"}],"replies":[{"embeddable":true,"href":"https:\/\/j-tsoon.ee\/et\/wp-json\/wp\/v2\/comments?post=2115"}],"version-history":[{"count":91,"href":"https:\/\/j-tsoon.ee\/et\/wp-json\/wp\/v2\/pages\/2115\/revisions"}],"predecessor-version":[{"id":8779,"href":"https:\/\/j-tsoon.ee\/et\/wp-json\/wp\/v2\/pages\/2115\/revisions\/8779"}],"up":[{"embeddable":true,"href":"https:\/\/j-tsoon.ee\/et\/wp-json\/wp\/v2\/pages\/3106"}],"wp:featuredmedia":[{"embeddable":true,"href":"https:\/\/j-tsoon.ee\/et\/wp-json\/wp\/v2\/media\/8847"}],"wp:attachment":[{"href":"https:\/\/j-tsoon.ee\/et\/wp-json\/wp\/v2\/media?parent=2115"}],"curies":[{"name":"wp","href":"https:\/\/api.w.org\/{rel}","templated":true}]}}