{"id":2111,"date":"2024-01-31T19:48:13","date_gmt":"2024-01-31T19:48:13","guid":{"rendered":"https:\/\/j-tsoon.ee\/?page_id=2111"},"modified":"2026-03-20T14:44:33","modified_gmt":"2026-03-20T14:44:33","slug":"photo","status":"publish","type":"page","link":"https:\/\/j-tsoon.ee\/et\/cosplay\/photo\/","title":{"rendered":"Cosplay Fotov\u00f5istlus"},"content":{"rendered":"<div data-elementor-type=\"wp-page\" data-elementor-id=\"2111\" class=\"elementor elementor-2111\">\n\t\t\t\t<div class=\"elementor-element elementor-element-6e6d2281 e-con-full e-flex e-con e-parent\" data-id=\"6e6d2281\" data-element_type=\"container\" data-e-type=\"container\" data-settings=\"{&quot;background_background&quot;:&quot;classic&quot;}\">\n\t\t<div class=\"elementor-element elementor-element-5d96a9cf e-flex e-con-boxed e-con e-child\" data-id=\"5d96a9cf\" data-element_type=\"container\" data-e-type=\"container\">\n\t\t\t\t\t<div class=\"e-con-inner\">\n\t\t\t\t<div class=\"elementor-element elementor-element-187789eb elementor-widget elementor-widget-heading\" data-id=\"187789eb\" data-element_type=\"widget\" data-e-type=\"widget\" data-widget_type=\"heading.default\">\n\t\t\t\t<div class=\"elementor-widget-container\">\n\t\t\t\t\t<h2 class=\"elementor-heading-title elementor-size-default\">COSPLAY @ J-TSOON<\/h2>\t\t\t\t<\/div>\n\t\t\t\t<\/div>\n\t\t\t\t\t<\/div>\n\t\t\t\t<\/div>\n\t\t\t\t<\/div>\n\t\t<div class=\"elementor-element elementor-element-1dd02e0 e-flex e-con-boxed e-con e-parent\" data-id=\"1dd02e0\" data-element_type=\"container\" data-e-type=\"container\">\n\t\t\t\t\t<div class=\"e-con-inner\">\n\t\t\t\t<div class=\"elementor-element elementor-element-a74a0cb elementor-widget elementor-widget-heading\" data-id=\"a74a0cb\" data-element_type=\"widget\" data-e-type=\"widget\" id=\"photo\" data-widget_type=\"heading.default\">\n\t\t\t\t<div class=\"elementor-widget-container\">\n\t\t\t\t\t<h1 class=\"elementor-heading-title elementor-size-default\">J-TSOON General Cosplay Photography Competition Rules<\/h1>\t\t\t\t<\/div>\n\t\t\t\t<\/div>\n\t\t\t\t<div class=\"elementor-element elementor-element-e4ef4d4 elementor-widget elementor-widget-text-editor\" data-id=\"e4ef4d4\" data-element_type=\"widget\" data-e-type=\"widget\" data-widget_type=\"text-editor.default\">\n\t\t\t\t<div class=\"elementor-widget-container\">\n\t\t\t\t\t\t\t\t\t<p><strong data-start=\"544\" data-end=\"689\">The J-TSOON Cosplay Photography Competition is held twice a year during both the spring J-TSOON and the autumn J-TSOON: Burning Pumpkin Fest.<\/strong> Both models and photographers are welcome to participate with their works. Photographs that make it to the finals will be showcased at the corresponding edition of J-TSOON, and the winners will be announced during the Award Ceremony on Sunday.<\/p><h3><b>1. Registreerimine:<\/b><\/h3><ul><li style=\"font-weight: 400;\"><b>V\u00f5istlusel osalemiseks on vaja osaleda \u00fcritusel, et saada auhindu.<\/b><\/li><li style=\"font-weight: 400;\"><span style=\"font-weight: 400;\">Osalejad peavad t\u00e4itma registreerimisvormi, mis on saadaval J-TSOONi veebilehel.<\/span><\/li><li style=\"font-weight: 400;\"><span style=\"font-weight: 400;\">Vormis tuleb \u00fcles laadida k\u00f5rge kvaliteediga foto j\u00e4rgmiste spetsifikatsioonidega:<\/span><ul><li style=\"font-weight: 400;\"><span style=\"font-weight: 400;\">Pildi m\u00f5\u00f5tmed: Optimaalse A3-printimise jaoks umbes 3508 x 4960 pikslit, suhe 1:1.41.<\/span><\/li><li style=\"font-weight: 400;\"><span style=\"font-weight: 400;\">Failivormin: JPEG v\u00f5i PNG.<\/span><\/li><\/ul><\/li><li style=\"font-weight: 400;\"><span style=\"font-weight: 400;\">Faili suurus: Iga foto faili suurus ei tohi \u00fcletada 10 MB.<\/span><\/li><li style=\"font-weight: 400;\"><span style=\"font-weight: 400;\">Foto tuleb nimetada vastavalt j\u00e4rgmistele n\u00e4idisele: osaleja-nimi_photocontest.<\/span><\/li><li style=\"font-weight: 400;\"><span style=\"font-weight: 400;\">S\u00fcndmus v\u00f5tab endale vastutuse finalistide t\u00f6\u00f6de tr\u00fckkimise eest.<\/span><\/li><li style=\"font-weight: 400;\"><span style=\"font-weight: 400;\">Osaleja peab olema v\u00e4hemalt 13-aastane.<\/span><\/li><\/ul><h3><b>2. Taotluse esitamine:<\/b><\/h3><ul><li style=\"font-weight: 400;\" aria-level=\"1\"><span style=\"font-weight: 400;\">Iga osaleja, s\u00f5ltumata rollist - modell v\u00f5i fotograaf, v\u00f5ib esitada maksimaalselt 3 erinevat fotot. Piirang kehtib k\u00f5ikidele esitatud piltidele, kus nende nimi esineb, olgu see siis fotograafi v\u00f5i modelli rollis. Nad v\u00f5ivad esitleda sama teemat v\u00f5i erinevaid teemasid. Sama foto topelt osalemine ei ole lubatud.\u00a0<\/span><\/li><li style=\"font-weight: 400;\" aria-level=\"1\"><span style=\"font-weight: 400;\">Modellid v\u00f5ivad osaleda \u00fcksi v\u00f5i kahekesi.<\/span><\/li><li style=\"font-weight: 400;\" aria-level=\"1\"><span style=\"font-weight: 400;\">Osalejad peavad tagama, et esitatud fotod ei ole varem v\u00f5istlustel osalenud.<\/span><\/li><li style=\"font-weight: 400;\" aria-level=\"1\"><span style=\"font-weight: 400;\">Iga v\u00f5istlev foto peab olema esitatud koos t\u00f6\u00f6tlemata versiooniga samast fotost, et oleks v\u00f5imalik v\u00f5rrelda versioone fotost enne ja p\u00e4rast fotot\u00f6\u00f6tlust.<\/span><\/li><li style=\"font-weight: 400;\" aria-level=\"1\">The photograph must have been taken within the last two years prior to the competition. Any photographs older than two years from the current competition year will not be accepted.<\/li><li style=\"font-weight: 400;\"><span style=\"font-weight: 400;\">Foto esitaja peab olema kas fotograaf v\u00f5i modell. Koost\u00f6\u00f6 raames t\u00f6id v\u00f5etakse vastu, kuid k\u00f5ik kaasautorid peavad olema teadlikud ja andma n\u00f5usoleku foto kasutamiseks.<\/span><\/li><li style=\"font-weight: 400;\"><span style=\"font-weight: 400;\">Esitatud fotosid vaadatakse l\u00e4bi eelhindamisel, et tagada nende vastavus v\u00f5istluse n\u00f5uetele.<\/span><\/li><li style=\"font-weight: 400;\"><span style=\"font-weight: 400;\">P\u00e4rast esitamise t\u00e4htaja m\u00f6\u00f6dumist saavad osalejad j\u00e4relmeiliga teate, kas nad on v\u00f5istlusel koha kindlustanud v\u00f5i mitte.<\/span><\/li><li style=\"font-weight: 400;\"><span style=\"font-weight: 400;\">The approved works (finalists) will be showcased in a gallery at J-TSOON on the days of the event.<\/span><\/li><\/ul><h3><b>3. Fotograafia reeglid:<\/b><\/h3><ul><li style=\"font-weight: 400;\"><span style=\"font-weight: 400;\">Fotod v\u00f5ivad kujutada teemasid mis tahes \u017eanrist v\u00f5i teemast, kuid ainult cosplay foto on lubatud.<\/span><\/li><li style=\"font-weight: 400;\"><span style=\"font-weight: 400;\">Kasutatavale varustusele ja seadmetele piiranguid pole; nii professionaalsed kaamerad kui ka nutiseadmed on teretulnud.<\/span><\/li><li style=\"font-weight: 400;\"><span style=\"font-weight: 400;\">On lubatud j\u00e4relt\u00f6\u00f6tlus, sealhulgas kollaa\u017eid, vaid siis kui see ei muuda oluliselt originaalset kost\u00fc\u00fcmi v\u00f5i karakteri disaini. AI loodud elementid ei ole lubatud, kuna me ei toeta selles kontekstis AI kasutamist.<\/span><\/li><li style=\"font-weight: 400;\"><span style=\"font-weight: 400;\">Fotograafia peab j\u00e4rgima austuse ja viisakuse standardeid. S\u00f5imus\u00f5nade, vulgaarsuste, v\u00e4givalda julgustavate \u017eestide ja pornograafia kasutamine on rangelt keelatud.\u00a0<\/span><\/li><li style=\"font-weight: 400;\"><span style=\"font-weight: 400;\">Esitatud t\u00f6id, mis l\u00e4hevad vastuollu kultuuri ja\/v\u00f5i sotsiaalsete normidega, ei ole lubatud. Iga osaleja peab tagama, et tema foto oleks eetiline ja s\u00e4ilitaks esteetilise ja austava tooni.<\/span><\/li><li style=\"font-weight: 400;\"><span style=\"font-weight: 400;\">Vesim\u00e4rgid v\u00f5i muud eristavad m\u00e4rgid fotol ei ole lubatud.<\/span><\/li><\/ul><h3><strong>4. Nomination Categories:<\/strong><\/h3><ul><li aria-level=\"1\"><b>Top 3 Overall: <\/b>Awarded to the three highest-scoring photographs based on the combined jury criteria, including composition, technical execution, creativity, character portrayal, and overall impression.<\/li><li aria-level=\"1\"><b>Best Digital Art: <\/b>Recognizes the most skillfully crafted digitally enhanced or fully digital photograph. This category highlights excellence in digital illustration, compositing, visual effects, and creative post-processing that elevates the original concept while maintaining strong artistic coherence.<\/li><li aria-level=\"1\"><b>Best Spooky Vibe &#8211; Autumn Edition Only: <\/b>Celebrating the post-Halloween spirit! This category recognizes the photograph that most effectively conveys a spooky, eerie, or horror-inspired atmosphere through mood, styling, and visual storytelling.<\/li><li aria-level=\"1\">J-TSOONi korraldajad j\u00e4tavad endale \u00f5iguse muuta nominatsioonikategooriaid ebapiisava osalejate arvu korral. Osalejad v\u00f5ivad valida kaks kategooriat; esimene valik loetakse peamiseks, v\u00e4lja arvatud juhul, kui kategooriates toimub muudatusi.<\/li><\/ul><h3><b>5. Hindamise kriteeriumid:<\/b><\/h3><p><span style=\"font-weight: 400;\">Cosplay fotov\u00f5istlust hindab kolmeliikmeline professionaalne \u017e\u00fcrii, kes hindab j\u00e4rgmisi kriteeriume:<\/span><\/p><ul><li><b>Kompositsioon: <\/b><span style=\"font-weight: 400;\">Foto \u00fcldise korralduse ja visuaalsete elementide hindamine.<\/span><\/li><li><b>Tehniline tase: <\/b><span style=\"font-weight: 400;\">Tehniliste elementide, sealhulgas fookus ekspositsiooni ja teravuse hindamine.<\/span><\/li><li><b>Loovus ja originaalsus: <\/b><span style=\"font-weight: 400;\">Ainulaadsete vaatenurkade, loovate l\u00e4henemisviiside ja originaalsuse tunnustamine.<\/span><\/li><li><b>Sarnasus algmaterjalile: <\/b><span style=\"font-weight: 400;\">Kui h\u00e4sti on edasi antud kujutatud allika \u00f5hkkond, truudus algsele kujundusele ja \u00fcldine tegelase olemuse esindatus.<\/span><\/li><\/ul><h3><b>6. Organizational Matters Related to the Competition:<\/b><\/h3><ul><li><span style=\"font-weight: 400;\">Due to limited slots, priority will be given to ensuring a diverse representation of participants. After reviewing all the submissions, only 40 will be presented at the event.<\/span><\/li><li><span style=\"font-weight: 400;\">Osalejal on \u00f5igused tema esitatud fotole.<\/span><\/li><li><b>Participants must attend J-TSOON to enter the Photography Competition.<\/b><\/li><li style=\"font-weight: 400;\"><span style=\"font-weight: 400;\">Osalejad peavad saabuma m\u00e4\u00e4ratud registreerimise ajal, mis antakse teada e-kirjas p\u00e4rast avalduse vastuv\u00f5tmist kontrollimiseks.<\/span><\/li><li style=\"font-weight: 400;\"><span style=\"font-weight: 400;\">Festivali t\u00f6\u00f6tajad v\u00f5ivad osalejatelt n\u00f5uda isikut t\u00f5endavat dokumenti juhul, kui tekib kahtlus osaleja identiteedi suhtes. See v\u00f5ib olla pass, ID-kaart, juhiluba v\u00f5i (\u00fcli)\u00f5pilaspilet.<\/span><span style=\"font-weight: 400;\">.<\/span><\/li><li style=\"font-weight: 400;\"><span style=\"font-weight: 400;\">Fotot esitades n\u00f5ustuvad osalejad, et J-TSOON v\u00f5ib kuvada nende t\u00f6id \u00fcrituse ajal (digitaalselt ja f\u00fc\u00fcsiliselt).<\/span><\/li><li style=\"font-weight: 400;\"><span style=\"font-weight: 400;\">By participating in the competition, participants consent to the use of photos for J-TSOON promotional purposes, including proper attribution to the photographer\/model(s).<\/span><\/li><li style=\"font-weight: 400;\"><span style=\"font-weight: 400;\">V\u00f5itjad kuulutatakse v\u00e4lja ametlikul auhinnatseremoonial ja auhinnad jagatakse vastavalt.<\/span><\/li><\/ul><p><span style=\"font-weight: 400;\">M\u00e4rkus: Korraldajatel on \u00f5igus muuta v\u00f5istluse reegleid ja m\u00e4\u00e4rusi, et tagada \u00f5iglane hindamine, hoida korda ja tagada k\u00f5igi osalejate turvalisus.<\/span><\/p><p><span style=\"font-weight: 400;\">V\u00f5istlusele kandideerides n\u00f5ustuvad v\u00f5istlejad reegleid j\u00e4rgima. <\/span><\/p><p>Lisak\u00fcsimuste korral v\u00f5tke \u00fchendust meie e-posti aadressil <a href=\"mailto:cosplay@j-tsoon.ee\">cosplay@j-tsoon.ee<\/a>.\u00a0<\/p>\t\t\t\t\t\t\t\t<\/div>\n\t\t\t\t<\/div>\n\t\t\t\t\t<\/div>\n\t\t\t\t<\/div>\n\t\t<div class=\"elementor-element elementor-element-1e57d6d e-flex e-con-boxed e-con e-parent\" data-id=\"1e57d6d\" data-element_type=\"container\" data-e-type=\"container\">\n\t\t\t\t\t<div class=\"e-con-inner\">\n\t\t<div class=\"elementor-element elementor-element-2913ffd e-con-full e-flex e-con e-child\" data-id=\"2913ffd\" data-element_type=\"container\" data-e-type=\"container\">\n\t\t\t\t<div class=\"elementor-element elementor-element-7e746c9 elementor-widget elementor-widget-heading\" data-id=\"7e746c9\" data-element_type=\"widget\" data-e-type=\"widget\" data-widget_type=\"heading.default\">\n\t\t\t\t<div class=\"elementor-widget-container\">\n\t\t\t\t\t<h3 class=\"elementor-heading-title elementor-size-default\"><a href=\"https:\/\/j-tsoon.ee\/et\/cosplay\/photo\/\">Apply for photo cosplay competition AT J-TSOON<\/a><\/h3>\t\t\t\t<\/div>\n\t\t\t\t<\/div>\n\t\t\t\t<\/div>\n\t\t<div class=\"elementor-element elementor-element-6f88327 e-con-full e-flex e-con e-child\" data-id=\"6f88327\" data-element_type=\"container\" data-e-type=\"container\">\n\t\t\t\t<div class=\"elementor-element elementor-element-ac3c057 elementor-align-left elementor-widget elementor-widget-button\" data-id=\"ac3c057\" data-element_type=\"widget\" data-e-type=\"widget\" data-widget_type=\"button.default\">\n\t\t\t\t<div class=\"elementor-widget-container\">\n\t\t\t\t\t\t\t\t\t<div class=\"elementor-button-wrapper\">\n\t\t\t\t\t<a class=\"elementor-button elementor-button-link elementor-size-lg\" href=\"https:\/\/docs.google.com\/forms\/d\/e\/1FAIpQLSf1WQOicX0ZQlZ7I3gkAtDV5otQEp7L-Zv-kHqepm5oeFP6Bw\/viewform\">\n\t\t\t\t\t\t<span class=\"elementor-button-content-wrapper\">\n\t\t\t\t\t\t<span class=\"elementor-button-icon\">\n\t\t\t\t<svg aria-hidden=\"true\" class=\"e-font-icon-svg e-fas-angle-right\" viewbox=\"0 0 256 512\" xmlns=\"http:\/\/www.w3.org\/2000\/svg\"><path d=\"M224.3 273l-136 136c-9.4 9.4-24.6 9.4-33.9 0l-22.6-22.6c-9.4-9.4-9.4-24.6 0-33.9l96.4-96.4-96.4-96.4c-9.4-9.4-9.4-24.6 0-33.9L54.3 103c9.4-9.4 24.6-9.4 33.9 0l136 136c9.5 9.4 9.5 24.6.1 34z\"><\/path><\/svg>\t\t\t<\/span>\n\t\t\t\t\t\t\t\t\t<span class=\"elementor-button-text\">Kandideeri kohe<\/span>\n\t\t\t\t\t<\/span>\n\t\t\t\t\t<\/a>\n\t\t\t\t<\/div>\n\t\t\t\t\t\t\t\t<\/div>\n\t\t\t\t<\/div>\n\t\t\t\t<\/div>\n\t\t\t\t\t<\/div>\n\t\t\t\t<\/div>\n\t\t\t\t<\/div>","protected":false},"excerpt":{"rendered":"<p>COSPLAY @ J-TSOON J-TSOON General Cosplay Photography Competition Rules The J-TSOON Cosplay Photography Competition is held twice a year during both the spring J-TSOON and the autumn J-TSOON: Burning Pumpkin Fest. Both models and photographers are welcome to participate with their works. Photographs that make it to the finals will be showcased at the corresponding [&hellip;]<\/p>\n","protected":false},"author":1,"featured_media":8852,"parent":2967,"menu_order":0,"comment_status":"closed","ping_status":"closed","template":"elementor_theme","meta":{"footnotes":""},"class_list":["post-2111","page","type-page","status-publish","has-post-thumbnail","hentry"],"blocksy_meta":{"page_title_panel":"","has_hero_section":"disabled","8359239f778bbe3bed91b84f8a98834d":"","hero_section":"type-1","hero_elements":[{"id":"custom_title","enabled":true,"heading_tag":"h1","title":"Avaleht"},{"id":"custom_description","enabled":true,"description_visibility":{"desktop":true,"tablet":true,"mobile":false}},{"id":"custom_meta","enabled":false,"meta_elements":[{"id":"author","enabled":true,"label":"By","has_author_avatar":"yes","avatar_size":25},{"id":"post_date","enabled":true,"label":"On","date_format_source":"default","date_format":"M j, Y"},{"id":"updated_date","enabled":false,"label":"On","date_format_source":"default","date_format":"M j, Y"},{"id":"categories","enabled":false,"label":"In","style":"simple"},{"id":"comments","enabled":true}],"page_meta_elements":{"joined":true,"articles_count":true,"comments":true}},{"id":"breadcrumbs","enabled":false}],"621fe1f720f11312a84fdfcd7da30690":"","hero_alignment1":"CT_CSS_SKIP_RULE","hero_margin":40,"hero_alignment2":"center","hero_vertical_alignment":"center","d3c34b06105b21298f295a81324d50aa":"","hero_structure":"narrow","1ef2fbf48ad24a43b9dcd4769ba797b5":"","page_title_bg_type":"featured_image","custom_hero_background":{"attachment_id":null},"page_title_image_size":"full","parallax":{"desktop":false,"tablet":false,"mobile":false},"d2eeb83f4a3a9c7437eb3779e9a1781f":"","hero_height":"250px","pageTitleFont":{"family":"Default","variation":"Default","size":"30px","line-height":"CT_CSS_SKIP_RULE","letter-spacing":"CT_CSS_SKIP_RULE","text-transform":"CT_CSS_SKIP_RULE","text-decoration":"CT_CSS_SKIP_RULE"},"pageTitleFontColor":{"default":{"color":"CT_CSS_SKIP_RULEDEFAULT"}},"pageMetaFont":{"family":"Default","variation":"n6","size":"12px","line-height":"1.3","letter-spacing":"CT_CSS_SKIP_RULE","text-transform":"uppercase","text-decoration":"CT_CSS_SKIP_RULE"},"pageMetaFontColor":{"default":{"color":"CT_CSS_SKIP_RULEDEFAULT"},"hover":{"color":"CT_CSS_SKIP_RULEDEFAULT"}},"page_meta_button_type_font_colors":{"default":{"color":"CT_CSS_SKIP_RULEDEFAULT"},"hover":{"color":"CT_CSS_SKIP_RULEDEFAULT"}},"page_meta_button_type_background_colors":{"default":{"color":"CT_CSS_SKIP_RULEDEFAULT"},"hover":{"color":"CT_CSS_SKIP_RULEDEFAULT"}},"pageExcerptFont":{"family":"Default","variation":"Default","size":"CT_CSS_SKIP_RULE","line-height":"CT_CSS_SKIP_RULE","letter-spacing":"CT_CSS_SKIP_RULE","text-transform":"CT_CSS_SKIP_RULE","text-decoration":"CT_CSS_SKIP_RULE"},"pageExcerptColor":{"default":{"color":"CT_CSS_SKIP_RULEDEFAULT"}},"breadcrumbsFont":{"family":"Default","variation":"Default","size":"CT_CSS_SKIP_RULE","line-height":"CT_CSS_SKIP_RULE","letter-spacing":"CT_CSS_SKIP_RULE","text-transform":"CT_CSS_SKIP_RULE","text-decoration":"CT_CSS_SKIP_RULE"},"breadcrumbsFontColor":{"default":{"color":"CT_CSS_SKIP_RULEDEFAULT"},"initial":{"color":"CT_CSS_SKIP_RULEDEFAULT"},"hover":{"color":"CT_CSS_SKIP_RULEDEFAULT"}},"pageTitleOverlay":{"background_type":"color","background_pattern":"type-1","background_image":{"attachment_id":null,"x":0,"y":0},"gradient":"linear-gradient(135deg,rgba(6,147,227,1) 0%,rgb(155,81,224) 100%)","background_repeat":"repeat","background_size":"auto","background_attachment":"scroll","patternColor":{"default":{"color":"#e5e7ea"}},"overlayColor":{"default":{"color":"CT_CSS_SKIP_RULE"}},"backgroundColor":{"default":{"color":"CT_CSS_SKIP_RULE"}}},"pageTitleBackground":{"background_type":"color","background_pattern":"type-1","background_image":{"attachment_id":null,"x":0,"y":0},"gradient":"linear-gradient(135deg,rgba(6,147,227,1) 0%,rgb(155,81,224) 100%)","background_repeat":"repeat","background_size":"auto","background_attachment":"scroll","patternColor":{"default":{"color":"#e5e7ea"}},"overlayColor":{"default":{"color":"CT_CSS_SKIP_RULE"}},"backgroundColor":{"default":{"color":"var(--theme-palette-color-6)"}}},"pageTitlePadding":{"top":"50px","bottom":"50px","left":"auto","right":"auto","linked":true},"b17a54b1f0e48f2fda831a59b5503107":"","page_structure_type":"default","daa56381fbfcefb461122e3544ad4598":"","content_style_source":"inherit","content_style":"wide","vertical_spacing_source":"custom","content_area_spacing":"none","background":{"background_type":"color","background_pattern":"type-1","background_image":{"attachment_id":null,"x":0,"y":0},"gradient":"linear-gradient(135deg,rgba(6,147,227,1) 0%,rgb(155,81,224) 100%)","background_repeat":"repeat","background_size":"auto","background_attachment":"scroll","patternColor":{"default":{"color":"#e5e7ea"}},"overlayColor":{"default":{"color":"CT_CSS_SKIP_RULE"}},"backgroundColor":{"default":{"color":"CT_CSS_SKIP_RULE"}}},"content_background":{"background_type":"color","background_pattern":"type-1","background_image":{"attachment_id":null,"x":0,"y":0},"gradient":"linear-gradient(135deg,rgba(6,147,227,1) 0%,rgb(155,81,224) 100%)","background_repeat":"repeat","background_size":"auto","background_attachment":"scroll","patternColor":{"default":{"color":"#e5e7ea"}},"overlayColor":{"default":{"color":"CT_CSS_SKIP_RULE"}},"backgroundColor":{"default":{"color":"var(--theme-palette-color-8)"}}},"content_boxed_shadow":{"inherit":false,"blur":18,"spread":-6,"v_offset":12,"h_offset":0,"inset":false,"enable":true,"color":{"color":"rgba(34, 56, 101, 0.04)"}},"content_boxed_border":{"width":1,"style":"none","color":{"color":"rgba(44,62,80,0.2)"}},"content_boxed_radius":{"top":"3px","bottom":"3px","left":"3px","right":"3px","linked":true},"boxed_content_spacing":{"desktop":{"top":"40px","bottom":"40px","left":"40px","right":"40px","linked":true},"tablet":{"top":"35px","bottom":"35px","left":"35px","right":"35px","linked":true},"mobile":{"top":"20px","bottom":"20px","left":"20px","right":"20px","linked":true}},"7714e4d58d5e4d0afb386fd4a595e84d":"","disable_featured_image":"no","disable_share_box":"no","disable_header":"no","disable_footer":"no","styles_descriptor":{"styles":{"desktop":"","tablet":"","mobile":""},"google_fonts":[],"version":6}},"brizy_media":[],"_links":{"self":[{"href":"https:\/\/j-tsoon.ee\/et\/wp-json\/wp\/v2\/pages\/2111","targetHints":{"allow":["GET"]}}],"collection":[{"href":"https:\/\/j-tsoon.ee\/et\/wp-json\/wp\/v2\/pages"}],"about":[{"href":"https:\/\/j-tsoon.ee\/et\/wp-json\/wp\/v2\/types\/page"}],"author":[{"embeddable":true,"href":"https:\/\/j-tsoon.ee\/et\/wp-json\/wp\/v2\/users\/1"}],"replies":[{"embeddable":true,"href":"https:\/\/j-tsoon.ee\/et\/wp-json\/wp\/v2\/comments?post=2111"}],"version-history":[{"count":95,"href":"https:\/\/j-tsoon.ee\/et\/wp-json\/wp\/v2\/pages\/2111\/revisions"}],"predecessor-version":[{"id":8806,"href":"https:\/\/j-tsoon.ee\/et\/wp-json\/wp\/v2\/pages\/2111\/revisions\/8806"}],"up":[{"embeddable":true,"href":"https:\/\/j-tsoon.ee\/et\/wp-json\/wp\/v2\/pages\/2967"}],"wp:featuredmedia":[{"embeddable":true,"href":"https:\/\/j-tsoon.ee\/et\/wp-json\/wp\/v2\/media\/8852"}],"wp:attachment":[{"href":"https:\/\/j-tsoon.ee\/et\/wp-json\/wp\/v2\/media?parent=2111"}],"curies":[{"name":"wp","href":"https:\/\/api.w.org\/{rel}","templated":true}]}}