{"id":2109,"date":"2024-01-31T19:51:06","date_gmt":"2024-01-31T19:51:06","guid":{"rendered":"https:\/\/j-tsoon.ee\/?page_id=2109"},"modified":"2026-03-20T14:44:57","modified_gmt":"2026-03-20T14:44:57","slug":"video","status":"publish","type":"page","link":"https:\/\/j-tsoon.ee\/et\/cosplay\/video\/","title":{"rendered":"Cosplay L\u00fchivideo V\u00f5istlus"},"content":{"rendered":"<div data-elementor-type=\"wp-page\" data-elementor-id=\"2109\" class=\"elementor elementor-2109\">\n\t\t\t\t<div class=\"elementor-element elementor-element-5ccf6717 e-con-full e-flex e-con e-parent\" data-id=\"5ccf6717\" data-element_type=\"container\" data-e-type=\"container\" data-settings=\"{&quot;background_background&quot;:&quot;classic&quot;}\">\n\t\t<div class=\"elementor-element elementor-element-79297cde e-flex e-con-boxed e-con e-child\" data-id=\"79297cde\" data-element_type=\"container\" data-e-type=\"container\">\n\t\t\t\t\t<div class=\"e-con-inner\">\n\t\t\t\t<div class=\"elementor-element elementor-element-2b6df03b elementor-widget elementor-widget-heading\" data-id=\"2b6df03b\" data-element_type=\"widget\" data-e-type=\"widget\" data-widget_type=\"heading.default\">\n\t\t\t\t<div class=\"elementor-widget-container\">\n\t\t\t\t\t<h2 class=\"elementor-heading-title elementor-size-default\">COSPLAY @ J-TSOON<\/h2>\t\t\t\t<\/div>\n\t\t\t\t<\/div>\n\t\t\t\t\t<\/div>\n\t\t\t\t<\/div>\n\t\t\t\t<\/div>\n\t\t<div class=\"elementor-element elementor-element-7e78197 e-flex e-con-boxed e-con e-parent\" data-id=\"7e78197\" data-element_type=\"container\" data-e-type=\"container\">\n\t\t\t\t\t<div class=\"e-con-inner\">\n\t\t\t\t<div class=\"elementor-element elementor-element-406fd8a elementor-widget elementor-widget-heading\" data-id=\"406fd8a\" data-element_type=\"widget\" data-e-type=\"widget\" id=\"tiktok\" data-widget_type=\"heading.default\">\n\t\t\t\t<div class=\"elementor-widget-container\">\n\t\t\t\t\t<h1 class=\"elementor-heading-title elementor-size-default\">J-TSOON General Short Video Competition Rules<\/h1>\t\t\t\t<\/div>\n\t\t\t\t<\/div>\n\t\t\t\t<div class=\"elementor-element elementor-element-410d38f elementor-widget elementor-widget-text-editor\" data-id=\"410d38f\" data-element_type=\"widget\" data-e-type=\"widget\" data-widget_type=\"text-editor.default\">\n\t\t\t\t<div class=\"elementor-widget-container\">\n\t\t\t\t\t\t\t\t\t<p><strong data-start=\"113\" data-end=\"283\">The Cosplay Short Video Competition will take place during the upcoming edition of J-TSOON, held twice a year in spring and autumn at Kultuurikatel, Tallinn, Estonia.<\/strong> Selected entries will be showcased at the event, and winners will be announced during the Award Ceremony. Our competition is designed for cosplayers who enjoy creating video content for popular social media platforms such as TikTok, Instagram, or YouTube.<\/p><h3><b>1. Videoreeglid:<\/b><\/h3><ul><li style=\"font-weight: 400;\"><span style=\"font-weight: 400;\">Cosplay'ks valitud tegelased v\u00f5ivad p\u00e4rineda mis tahes meedia vormist. Lubatud on ka originaalsed tegelased.<\/span><\/li><li style=\"font-weight: 400;\"><span style=\"font-weight: 400;\">T\u00e4ielikus (ametlikus\/kanoonilises) kost\u00fc\u00fcmis olemine ei vajalik. Samuti on aktsepteeritav igap\u00e4evane cosplay.<\/span><\/li><li style=\"font-weight: 400;\"><span style=\"font-weight: 400;\">Video kestus ei tohi \u00fcletada 30 sekundit.<\/span><\/li><li style=\"font-weight: 400;\"><span style=\"font-weight: 400;\">Video heli v\u00f5ib olla mis tahes heli sotsiaalmeediast v\u00f5i osalejad v\u00f5ivad luua oma heli. M\u00f5lemad variandid peavad vastama meie v\u00f5istluse reeglitele (keelatud on ropendamine, seksuaalne sisu ning v\u00e4givald).<\/span><\/li><li><span style=\"font-weight: 400;\">Cosplay L\u00fchivideo V\u00f5istlus keelab rangelt eksplitsiitse v\u00f5i seksualiseeritud materjali.<\/span><\/li><li style=\"font-weight: 400;\"><span style=\"font-weight: 400;\">Osalejad peavad j\u00e4rgima austuse ja viisakuse reegleid. S\u00f5imus\u00f5nade, vulgaarsuste, v\u00e4givalda soosivate \u017eestide ja pornograafia kasutamine on rangelt keelatud. Esitatud t\u00f6id, mis l\u00e4hevad vastuollu kultuuriliste ja\/v\u00f5i sotsiaalsete normidega, ei ole lubatud. Iga osaleja peab tagama, et tema foto oleks eetiline ja s\u00e4ilitaks esteetilise ja lugupidava tooni.<\/span><\/li><li><span style=\"font-weight: 400;\">Lubatud on ainult Instagram\u2019i (Reels), TikTok\u2019i ja YouTube'i (Shorts) videod.<\/span><\/li><\/ul><h3><b>2. Nominatsiooni Kategooriad:<\/b><\/h3><ul><li style=\"font-weight: 400;\" aria-level=\"1\"><b>Parim Lip Sync:<\/b><span style=\"font-weight: 400;\"> Auhind antakse k\u00f5ige efektsema ja t\u00e4psema huuls\u00fcnkroniseerimisega videole.<\/span><\/li><li style=\"font-weight: 400;\" aria-level=\"1\"><b>Parim Cosplay Transformatsioon:<\/b><span style=\"font-weight: 400;\"> Auhind antakse videole, mis k\u00f5ige oskuslikumalt kehastab iseloomu t\u00e4psuse kost\u00fc\u00fcmi, meigi ja esitluse kaudu.<\/span><\/li><li style=\"font-weight: 400;\" aria-level=\"1\"><b>Parim Iseloomu Kujutamine:<\/b><span style=\"font-weight: 400;\"> Autasustatakse videot, mis k\u00f5ige paremini iseloomustab ja kujutab tegelase unikaalseid isiksuseomadusi.<\/span><\/li><li style=\"font-weight: 400;\" aria-level=\"1\"><b>Best Spooky Vibe &#8211; Autumn edition Only:<\/b><span style=\"font-weight: 400;\"> Elagu Halloween\u2019i hooaeg! Selles kategoorias tunnustatakse videot, milles on k\u00f5ige paremini kujutatud \u00f5udne v\u00f5i \u00f5udus teemaline atmosf\u00e4\u00e4r.<\/span><\/li><\/ul><p><span style=\"font-weight: 400;\">J-TSOONi korraldajad j\u00e4tavad endale \u00f5iguse muuta nominatsioonikategooriaid ebapiisava osalejate arvu korral. Osalejad v\u00f5ivad valida kaks kategooriat; esimene valik loetakse peamiseks, v\u00e4lja arvatud juhul, kui kategooriates toimub muudatusi.<\/span><\/p><h3><b>3. Registreerimine<\/b><\/h3><ul><li style=\"font-weight: 400;\"><b>Osalemiseks on s\u00fcndmuse k\u00fclastamine kohustuslik.<\/b><\/li><li style=\"font-weight: 400;\"><span style=\"font-weight: 400;\">Osalejad peavad t\u00e4itma registreerimisvormi, mis on saadaval J-TSOONi veebilehel.<\/span><\/li><li style=\"font-weight: 400;\" aria-level=\"1\"><span style=\"font-weight: 400;\">Osalejad peavad p\u00e4rast konkursi ametlikku teadaannet oma video \u00fcles laadima oma TikTok\u2019i\/Instagram\u2019i\/YouTube'i kontole.<\/span><\/li><li style=\"font-weight: 400;\" aria-level=\"1\"><span style=\"font-weight: 400;\">Participant must use #JTSOON7Video (for spring or edition)#JTSOONBPF2026Video (for autumn edition) and #JTSOON as their main hashtags.<\/span><\/li><li style=\"font-weight: 400;\"><span style=\"font-weight: 400;\">Osaleda v\u00f5ib alates 13. eluaastast.<\/span><\/li><li style=\"font-weight: 400;\"><span style=\"font-weight: 400;\">Osalemine on lubatud ainult soolo sissekandena.<\/span><\/li><li style=\"font-weight: 400;\"><span style=\"font-weight: 400;\">P\u00e4rast t\u00e4htaega \u00fcleslaetud videoid ei v\u00f5eta v\u00f5istlusele vastu.<\/span><\/li><li style=\"font-weight: 400;\"><span style=\"font-weight: 400;\">Lubatud on esitada maksimaalselt 3 erinevat videot. Need v\u00f5ivad kujutada sama v\u00f5i erinevat tegelast. Sama videot ei saa esitada 3 korda.<\/span><\/li><li style=\"font-weight: 400;\"><span style=\"font-weight: 400;\">Sama videot ei saa mitu korda esitada. Avaldamise aeg m\u00e4\u00e4rab, millist kontot v\u00f5istlusel arvesse v\u00f5etakse.\u00a0<\/span><\/li><li style=\"font-weight: 400;\"><span style=\"font-weight: 400;\">Keelatud on esitada vana videot, mis on varem postitatud.<\/span><\/li><li style=\"font-weight: 400;\"><span style=\"font-weight: 400;\">Video esitav isik peab olema videos. Kui videos on ka teisi isikuid, peab teil olema nende luba video kasutamiseks v\u00f5istlusel.<\/span><\/li><li style=\"font-weight: 400;\"><span style=\"font-weight: 400;\">Osalejate kontod peavad olema avalikud, vastasel juhul ei p\u00e4\u00e4se Cosplay L\u00fchivideo V\u00f5istluse korraldajad ja \u017e\u00fcrii neile ligi.<\/span><\/li><\/ul><h3><b>4. Hindamiskriteeriumid:<\/b><\/h3><p><span style=\"font-weight: 400;\">L\u00fchivideo V\u00f5istlust hindab \u017e\u00fcrii, kes l\u00e4htub j\u00e4rgmistest kriteeriumidest:<\/span><\/p><ul><li style=\"font-weight: 400;\"><b>Karakteri kujutamine:<\/b><span style=\"font-weight: 400;\"> Kui h\u00e4sti osaleja m\u00e4ngib tegelast. (Osalejaid hinnatakse nende v\u00f5imekuse j\u00e4rgi t\u00f5husalt kujutada ja kehastada valitud tegelaskuju. See h\u00f5lmab elemente nagu karakteri sarnasus, n\u00e4itlemine ja \u00fcldine esitus.)<\/span><\/li><li style=\"font-weight: 400;\"><b>Visuaalne loovus:<\/b><span style=\"font-weight: 400;\"> Eriefektide, montaa\u017ei ja \u00fcleminekute kasutamine. (Osaleja visuaalsete elementide, sealhulgas eriefektide, montaa\u017eitehnika ja sujuvate stseenide \u00fcleminekute loova kasutamise hindamine.)<\/span><\/li><li style=\"font-weight: 400;\"><b>Audio-Visuaalne innovatsioon:<\/b><span style=\"font-weight: 400;\"> Heli ja valguse loov kasutamine. (Tunnustamine innovaatiliste l\u00e4henemiste eest heli ja valguse elementide integreerimisel, et suurendada video \u00fcld kvaliteeti ja m\u00f5ju).<\/span><\/li><\/ul><p><span style=\"font-weight: 400;\">Igat videot hinnatakse nende kriteeriumide alusel koos iga nominatsiooni kategooriaga seotud spetsiifiliste aspektidega, nagu eespool kirjeldatud.<\/span><\/p><p><span style=\"font-weight: 400;\">Hindamisel <\/span><b>ei v\u00f5eta<\/b><span style=\"font-weight: 400;\"> arvesse video sotsiaalmeedias kogutud like'ide ja vaatamiste arvu.<\/span><\/p><h3><b>5. Organisatsiooniga seotud k\u00fcsimused<\/b><\/h3><ul><li><b>Participants must attend J-TSOON to enter the Cosplay Short Video competition.<\/b><\/li><li style=\"font-weight: 400;\"><span style=\"font-weight: 400;\">Osalejad peavad saabuma m\u00e4\u00e4ratud registreerimisaegadel, mis antakse p\u00e4rast avalduse vastuv\u00f5tmist e-posti teel. Kui te ei registreeru \u00f5igeaegselt, ei ole teil \u00f5igust auhinda v\u00f5ita.<\/span><\/li><li style=\"font-weight: 400;\"><span style=\"font-weight: 400;\">\u00dcrituse t\u00f6\u00f6tajad v\u00f5ivad n\u00f5uda teilt isikut t\u00f5endavat dokumenti, kui tekib kahtlus osaleja isikusamasuse suhtes. Selleks v\u00f5ib olla pass, ID-kaart, juhiluba v\u00f5i (\u00fcli)\u00f5pilaspilet.<\/span><\/li><li style=\"font-weight: 400;\"><span style=\"font-weight: 400;\">As organizers, we reserve the right to limit the total number of entries. We are aiming for up to 40 videos in total. In cases where the number of submissions significantly exceeds this limit, we may consider selecting participants. Due to limited applications, we prioritize inclusivity and aim to allow participants of all experience levels to participate, and we will only implement this option as a last resort.<\/span><\/li><li style=\"font-weight: 400;\" aria-level=\"1\"><span style=\"font-weight: 400;\">By submitting a video for the J-TSOON competition, participants acknowledge and agree that the J-TSOON Cosplay Team has the right to showcase the video on the big screen during the event.<\/span><\/li><li style=\"font-weight: 400;\" aria-level=\"1\"><span style=\"font-weight: 400;\">Auhinnale kvalifitseerub selle sotsiaalmeediakonto omanik, kus video on avaldatud.<\/span><\/li><li style=\"font-weight: 400;\" aria-level=\"1\"><span style=\"font-weight: 400;\">The winners of the Cosplay Short Video Competition will be announced at the J-TSOON Award Ceremony on Sunday during event days.<\/span><\/li><\/ul><p><span style=\"font-weight: 400;\">M\u00e4rkus: Korraldajatel on \u00f5igus muuta v\u00f5istluse reegleid ja m\u00e4\u00e4rusi, et tagada \u00f5iglane hindamine, hoida korda ja tagada k\u00f5igi osalejate turvalisus.<\/span><\/p><p><span style=\"font-weight: 400;\">V\u00f5istlusele kandideerides n\u00f5ustuvad v\u00f5istlejad reegleid j\u00e4rgima.<\/span><\/p><p>Lisak\u00fcsimuste korral v\u00f5tke \u00fchendust meie e-posti aadressil\u00a0<a href=\"mailto:cosplay@j-tsoon.ee\">cosplay@j-tsoon.ee<\/a>.<\/p>\t\t\t\t\t\t\t\t<\/div>\n\t\t\t\t<\/div>\n\t\t\t\t\t<\/div>\n\t\t\t\t<\/div>\n\t\t<div class=\"elementor-element elementor-element-bcc3aa7 e-flex e-con-boxed e-con e-parent\" data-id=\"bcc3aa7\" data-element_type=\"container\" data-e-type=\"container\">\n\t\t\t\t\t<div class=\"e-con-inner\">\n\t\t<div class=\"elementor-element elementor-element-892df41 e-con-full e-flex e-con e-child\" data-id=\"892df41\" data-element_type=\"container\" data-e-type=\"container\">\n\t\t\t\t<div class=\"elementor-element elementor-element-f541cb8 elementor-widget elementor-widget-heading\" data-id=\"f541cb8\" data-element_type=\"widget\" data-e-type=\"widget\" data-widget_type=\"heading.default\">\n\t\t\t\t<div class=\"elementor-widget-container\">\n\t\t\t\t\t<h3 class=\"elementor-heading-title elementor-size-default\"><a href=\"https:\/\/j-tsoon.ee\/et\/cosplaytiktok\/\">Apply for Short Video Competition at J-TSOON<\/a><\/h3>\t\t\t\t<\/div>\n\t\t\t\t<\/div>\n\t\t\t\t<\/div>\n\t\t<div class=\"elementor-element elementor-element-5173985 e-con-full e-flex e-con e-child\" data-id=\"5173985\" data-element_type=\"container\" data-e-type=\"container\">\n\t\t\t\t<div class=\"elementor-element elementor-element-76b051a elementor-align-left elementor-widget elementor-widget-button\" data-id=\"76b051a\" data-element_type=\"widget\" data-e-type=\"widget\" data-widget_type=\"button.default\">\n\t\t\t\t<div class=\"elementor-widget-container\">\n\t\t\t\t\t\t\t\t\t<div class=\"elementor-button-wrapper\">\n\t\t\t\t\t<a class=\"elementor-button elementor-button-link elementor-size-lg\" href=\"https:\/\/docs.google.com\/forms\/d\/e\/1FAIpQLScw3ghnpNx5D8fEO8U44RrrC6RJE938_WhqWj03UbI0LeAQSQ\/viewform\">\n\t\t\t\t\t\t<span class=\"elementor-button-content-wrapper\">\n\t\t\t\t\t\t<span class=\"elementor-button-icon\">\n\t\t\t\t<svg aria-hidden=\"true\" class=\"e-font-icon-svg e-fas-angle-right\" viewbox=\"0 0 256 512\" xmlns=\"http:\/\/www.w3.org\/2000\/svg\"><path d=\"M224.3 273l-136 136c-9.4 9.4-24.6 9.4-33.9 0l-22.6-22.6c-9.4-9.4-9.4-24.6 0-33.9l96.4-96.4-96.4-96.4c-9.4-9.4-9.4-24.6 0-33.9L54.3 103c9.4-9.4 24.6-9.4 33.9 0l136 136c9.5 9.4 9.5 24.6.1 34z\"><\/path><\/svg>\t\t\t<\/span>\n\t\t\t\t\t\t\t\t\t<span class=\"elementor-button-text\">Esita taotlus<\/span>\n\t\t\t\t\t<\/span>\n\t\t\t\t\t<\/a>\n\t\t\t\t<\/div>\n\t\t\t\t\t\t\t\t<\/div>\n\t\t\t\t<\/div>\n\t\t\t\t<\/div>\n\t\t\t\t\t<\/div>\n\t\t\t\t<\/div>\n\t\t\t\t<\/div>","protected":false},"excerpt":{"rendered":"<p>COSPLAY @ J-TSOON J-TSOON General Short Video Competition Rules The Cosplay Short Video Competition will take place during the upcoming edition of J-TSOON, held twice a year in spring and autumn at Kultuurikatel, Tallinn, Estonia. Selected entries will be showcased at the event, and winners will be announced during the Award Ceremony. Our competition is [&hellip;]<\/p>\n","protected":false},"author":1,"featured_media":8852,"parent":2967,"menu_order":0,"comment_status":"closed","ping_status":"closed","template":"","meta":{"footnotes":""},"class_list":["post-2109","page","type-page","status-publish","has-post-thumbnail","hentry"],"blocksy_meta":{"page_title_panel":"","has_hero_section":"disabled","8359239f778bbe3bed91b84f8a98834d":"","hero_section":"type-1","hero_elements":[{"id":"custom_title","enabled":true,"heading_tag":"h1","title":"Avaleht"},{"id":"custom_description","enabled":true,"description_visibility":{"desktop":true,"tablet":true,"mobile":false}},{"id":"custom_meta","enabled":false,"meta_elements":[{"id":"author","enabled":true,"label":"By","has_author_avatar":"yes","avatar_size":25},{"id":"post_date","enabled":true,"label":"On","date_format_source":"default","date_format":"M j, Y"},{"id":"updated_date","enabled":false,"label":"On","date_format_source":"default","date_format":"M j, Y"},{"id":"categories","enabled":false,"label":"In","style":"simple"},{"id":"comments","enabled":true}],"page_meta_elements":{"joined":true,"articles_count":true,"comments":true}},{"id":"breadcrumbs","enabled":false}],"621fe1f720f11312a84fdfcd7da30690":"","hero_alignment1":"CT_CSS_SKIP_RULE","hero_margin":40,"hero_alignment2":"center","hero_vertical_alignment":"center","d3c34b06105b21298f295a81324d50aa":"","hero_structure":"narrow","1ef2fbf48ad24a43b9dcd4769ba797b5":"","page_title_bg_type":"featured_image","custom_hero_background":{"attachment_id":null},"page_title_image_size":"full","parallax":{"desktop":false,"tablet":false,"mobile":false},"d2eeb83f4a3a9c7437eb3779e9a1781f":"","hero_height":"250px","pageTitleFont":{"family":"Default","variation":"Default","size":"30px","line-height":"CT_CSS_SKIP_RULE","letter-spacing":"CT_CSS_SKIP_RULE","text-transform":"CT_CSS_SKIP_RULE","text-decoration":"CT_CSS_SKIP_RULE"},"pageTitleFontColor":{"default":{"color":"CT_CSS_SKIP_RULEDEFAULT"}},"pageMetaFont":{"family":"Default","variation":"n6","size":"12px","line-height":"1.3","letter-spacing":"CT_CSS_SKIP_RULE","text-transform":"uppercase","text-decoration":"CT_CSS_SKIP_RULE"},"pageMetaFontColor":{"default":{"color":"CT_CSS_SKIP_RULEDEFAULT"},"hover":{"color":"CT_CSS_SKIP_RULEDEFAULT"}},"page_meta_button_type_font_colors":{"default":{"color":"CT_CSS_SKIP_RULEDEFAULT"},"hover":{"color":"CT_CSS_SKIP_RULEDEFAULT"}},"page_meta_button_type_background_colors":{"default":{"color":"CT_CSS_SKIP_RULEDEFAULT"},"hover":{"color":"CT_CSS_SKIP_RULEDEFAULT"}},"pageExcerptFont":{"family":"Default","variation":"Default","size":"CT_CSS_SKIP_RULE","line-height":"CT_CSS_SKIP_RULE","letter-spacing":"CT_CSS_SKIP_RULE","text-transform":"CT_CSS_SKIP_RULE","text-decoration":"CT_CSS_SKIP_RULE"},"pageExcerptColor":{"default":{"color":"CT_CSS_SKIP_RULEDEFAULT"}},"breadcrumbsFont":{"family":"Default","variation":"Default","size":"CT_CSS_SKIP_RULE","line-height":"CT_CSS_SKIP_RULE","letter-spacing":"CT_CSS_SKIP_RULE","text-transform":"CT_CSS_SKIP_RULE","text-decoration":"CT_CSS_SKIP_RULE"},"breadcrumbsFontColor":{"default":{"color":"CT_CSS_SKIP_RULEDEFAULT"},"initial":{"color":"CT_CSS_SKIP_RULEDEFAULT"},"hover":{"color":"CT_CSS_SKIP_RULEDEFAULT"}},"pageTitleOverlay":{"background_type":"color","background_pattern":"type-1","background_image":{"attachment_id":null,"x":0,"y":0},"gradient":"linear-gradient(135deg,rgba(6,147,227,1) 0%,rgb(155,81,224) 100%)","background_repeat":"repeat","background_size":"auto","background_attachment":"scroll","patternColor":{"default":{"color":"#e5e7ea"}},"overlayColor":{"default":{"color":"CT_CSS_SKIP_RULE"}},"backgroundColor":{"default":{"color":"CT_CSS_SKIP_RULE"}}},"pageTitleBackground":{"background_type":"color","background_pattern":"type-1","background_image":{"attachment_id":null,"x":0,"y":0},"gradient":"linear-gradient(135deg,rgba(6,147,227,1) 0%,rgb(155,81,224) 100%)","background_repeat":"repeat","background_size":"auto","background_attachment":"scroll","patternColor":{"default":{"color":"#e5e7ea"}},"overlayColor":{"default":{"color":"CT_CSS_SKIP_RULE"}},"backgroundColor":{"default":{"color":"var(--theme-palette-color-6)"}}},"pageTitlePadding":{"top":"50px","bottom":"50px","left":"auto","right":"auto","linked":true},"b17a54b1f0e48f2fda831a59b5503107":"","page_structure_type":"default","daa56381fbfcefb461122e3544ad4598":"","content_style_source":"inherit","content_style":"wide","vertical_spacing_source":"custom","content_area_spacing":"none","background":{"background_type":"color","background_pattern":"type-1","background_image":{"attachment_id":null,"x":0,"y":0},"gradient":"linear-gradient(135deg,rgba(6,147,227,1) 0%,rgb(155,81,224) 100%)","background_repeat":"repeat","background_size":"auto","background_attachment":"scroll","patternColor":{"default":{"color":"#e5e7ea"}},"overlayColor":{"default":{"color":"CT_CSS_SKIP_RULE"}},"backgroundColor":{"default":{"color":"CT_CSS_SKIP_RULE"}}},"content_background":{"background_type":"color","background_pattern":"type-1","background_image":{"attachment_id":null,"x":0,"y":0},"gradient":"linear-gradient(135deg,rgba(6,147,227,1) 0%,rgb(155,81,224) 100%)","background_repeat":"repeat","background_size":"auto","background_attachment":"scroll","patternColor":{"default":{"color":"#e5e7ea"}},"overlayColor":{"default":{"color":"CT_CSS_SKIP_RULE"}},"backgroundColor":{"default":{"color":"var(--theme-palette-color-8)"}}},"content_boxed_shadow":{"inherit":false,"blur":18,"spread":-6,"v_offset":12,"h_offset":0,"inset":false,"enable":true,"color":{"color":"rgba(34, 56, 101, 0.04)"}},"content_boxed_border":{"width":1,"style":"none","color":{"color":"rgba(44,62,80,0.2)"}},"content_boxed_radius":{"top":"3px","bottom":"3px","left":"3px","right":"3px","linked":true},"boxed_content_spacing":{"desktop":{"top":"40px","bottom":"40px","left":"40px","right":"40px","linked":true},"tablet":{"top":"35px","bottom":"35px","left":"35px","right":"35px","linked":true},"mobile":{"top":"20px","bottom":"20px","left":"20px","right":"20px","linked":true}},"7714e4d58d5e4d0afb386fd4a595e84d":"","disable_featured_image":"no","disable_share_box":"no","disable_header":"no","disable_footer":"no","styles_descriptor":{"styles":{"desktop":"","tablet":"","mobile":""},"google_fonts":[],"version":6}},"brizy_media":[],"_links":{"self":[{"href":"https:\/\/j-tsoon.ee\/et\/wp-json\/wp\/v2\/pages\/2109","targetHints":{"allow":["GET"]}}],"collection":[{"href":"https:\/\/j-tsoon.ee\/et\/wp-json\/wp\/v2\/pages"}],"about":[{"href":"https:\/\/j-tsoon.ee\/et\/wp-json\/wp\/v2\/types\/page"}],"author":[{"embeddable":true,"href":"https:\/\/j-tsoon.ee\/et\/wp-json\/wp\/v2\/users\/1"}],"replies":[{"embeddable":true,"href":"https:\/\/j-tsoon.ee\/et\/wp-json\/wp\/v2\/comments?post=2109"}],"version-history":[{"count":83,"href":"https:\/\/j-tsoon.ee\/et\/wp-json\/wp\/v2\/pages\/2109\/revisions"}],"predecessor-version":[{"id":8835,"href":"https:\/\/j-tsoon.ee\/et\/wp-json\/wp\/v2\/pages\/2109\/revisions\/8835"}],"up":[{"embeddable":true,"href":"https:\/\/j-tsoon.ee\/et\/wp-json\/wp\/v2\/pages\/2967"}],"wp:featuredmedia":[{"embeddable":true,"href":"https:\/\/j-tsoon.ee\/et\/wp-json\/wp\/v2\/media\/8852"}],"wp:attachment":[{"href":"https:\/\/j-tsoon.ee\/et\/wp-json\/wp\/v2\/media?parent=2109"}],"curies":[{"name":"wp","href":"https:\/\/api.w.org\/{rel}","templated":true}]}}